{"id":115,"date":"2017-02-06T13:05:51","date_gmt":"2017-02-06T11:05:51","guid":{"rendered":"http:\/\/www.isismedical.ee\/?page_id=115"},"modified":"2019-04-22T12:45:24","modified_gmt":"2019-04-22T09:45:24","slug":"verevotuvahendid","status":"publish","type":"page","link":"https:\/\/www.isismedical.ee\/en\/verevotuvahendid\/","title":{"rendered":"Blood collection devices"},"content":{"rendered":"<div  style='padding-bottom:10px; color:#00da63;font-size:26px;' class='av-special-heading av-special-heading-h1 custom-color-heading blockquote modern-quote  avia-builder-el-0  el_before_av_hr  avia-builder-el-first  av-inherit-size'><h1 class='av-special-heading-tag'  itemprop=\"headline\"  >Blood collection devices<\/h1><div class='special-heading-border'><div class='special-heading-inner-border' style='border-color:#00da63'><\/div><\/div><\/div>\n<div   class='hr hr-default   avia-builder-el-1  el_after_av_heading  el_before_av_one_third'><span class='hr-inner' ><span class='hr-inner-style'><\/span><\/span><\/div>\n<div class=\"flex_column av_one_third  flex_column_div av-zero-column-padding first  avia-builder-el-2  el_after_av_hr  el_before_av_one_third\" style='border-radius:0px; '><p><div  style='padding-bottom:10px; ' class='av-special-heading av-special-heading-h3  blockquote modern-quote modern-centered  avia-builder-el-3  el_before_av_image  avia-builder-el-first'><h3 class='av-special-heading-tag'  itemprop=\"headline\"  >Tests<\/h3><div class='special-heading-border'><div class='special-heading-inner-border' ><\/div><\/div><\/div><br \/>\n<div  class='avia-image-container  av-styling-    avia-builder-el-4  el_after_av_heading  el_before_av_button  avia-align-center'  itemprop=\"image\" itemscope=\"itemscope\" itemtype=\"https:\/\/schema.org\/ImageObject\"  ><div class='avia-image-container-inner'><div class='avia-image-overlay-wrap'><a href='https:\/\/www.isismedical.ee\/en\/verevotuvahendid-katsutid\/' class='avia_image'  ><img decoding=\"async\" width=\"300\" height=\"300\" class='wp-image-1057 avia-img-lazy-loading-not-1057 avia_image' src=\"https:\/\/www.isismedical.ee\/wp-content\/uploads\/2017\/02\/Katsutid_ruut.jpg\" alt='' title='Tests_square'  itemprop=\"thumbnailUrl\" srcset=\"https:\/\/www.isismedical.ee\/wp-content\/uploads\/2017\/02\/Katsutid_ruut.jpg 300w, https:\/\/www.isismedical.ee\/wp-content\/uploads\/2017\/02\/Katsutid_ruut-80x80.jpg 80w, https:\/\/www.isismedical.ee\/wp-content\/uploads\/2017\/02\/Katsutid_ruut-36x36.jpg 36w, https:\/\/www.isismedical.ee\/wp-content\/uploads\/2017\/02\/Katsutid_ruut-180x180.jpg 180w, https:\/\/www.isismedical.ee\/wp-content\/uploads\/2017\/02\/Katsutid_ruut-120x120.jpg 120w\" sizes=\"(max-width: 300px) 100vw, 300px\" \/><\/a><\/div><\/div><\/div><br \/>\n<div  class='avia-button-wrap avia-button-center  avia-builder-el-5  el_after_av_image  avia-builder-el-last' ><a href='https:\/\/www.isismedical.ee\/en\/verevotuvahendid-katsutid\/'  class='avia-button  avia-color-theme-color   avia-icon_select-no avia-size-small avia-position-center'   ><span class='avia_iconbox_title' >Find out more<\/span><\/a><\/div><\/p><\/div>\n<div class=\"flex_column av_one_third  flex_column_div av-zero-column-padding   avia-builder-el-6  el_after_av_one_third  el_before_av_one_third\" style='border-radius:0px; '><p><div  style='padding-bottom:10px; ' class='av-special-heading av-special-heading-h3  blockquote modern-quote modern-centered  avia-builder-el-7  el_before_av_image  avia-builder-el-first'><h3 class='av-special-heading-tag'  itemprop=\"headline\"  >Needles<\/h3><div class='special-heading-border'><div class='special-heading-inner-border' ><\/div><\/div><\/div><br \/>\n<div  class='avia-image-container  av-styling-    avia-builder-el-8  el_after_av_heading  el_before_av_button  avia-align-center'  itemprop=\"image\" itemscope=\"itemscope\" itemtype=\"https:\/\/schema.org\/ImageObject\"  ><div class='avia-image-container-inner'><div class='avia-image-overlay-wrap'><a href='https:\/\/www.isismedical.ee\/en\/verevotuvahendid-noelad\/' class='avia_image'  ><img decoding=\"async\" width=\"300\" height=\"300\" class='wp-image-1058 avia-img-lazy-loading-not-1058 avia_image' src=\"https:\/\/www.isismedical.ee\/wp-content\/uploads\/2017\/02\/Noelad_ruut.jpg\" alt='' title='Noelad_ruut'  itemprop=\"thumbnailUrl\" srcset=\"https:\/\/www.isismedical.ee\/wp-content\/uploads\/2017\/02\/Noelad_ruut.jpg 300w, https:\/\/www.isismedical.ee\/wp-content\/uploads\/2017\/02\/Noelad_ruut-80x80.jpg 80w, https:\/\/www.isismedical.ee\/wp-content\/uploads\/2017\/02\/Noelad_ruut-36x36.jpg 36w, https:\/\/www.isismedical.ee\/wp-content\/uploads\/2017\/02\/Noelad_ruut-180x180.jpg 180w, https:\/\/www.isismedical.ee\/wp-content\/uploads\/2017\/02\/Noelad_ruut-120x120.jpg 120w\" sizes=\"(max-width: 300px) 100vw, 300px\" \/><\/a><\/div><\/div><\/div><br \/>\n<div  class='avia-button-wrap avia-button-center  avia-builder-el-9  el_after_av_image  avia-builder-el-last' ><a href='https:\/\/www.isismedical.ee\/en\/verevotuvahendid-noelad\/'  class='avia-button  avia-color-theme-color   avia-icon_select-no avia-size-small avia-position-center'   ><span class='avia_iconbox_title' >Find out more<\/span><\/a><\/div><\/p><\/div>\n<div class=\"flex_column av_one_third  flex_column_div av-zero-column-padding   avia-builder-el-10  el_after_av_one_third  el_before_av_one_third\" style='border-radius:0px; '><p><div  style='padding-bottom:10px; ' class='av-special-heading av-special-heading-h3  blockquote modern-quote modern-centered  avia-builder-el-11  el_before_av_image  avia-builder-el-first'><h3 class='av-special-heading-tag'  itemprop=\"headline\"  >Holders<\/h3><div class='special-heading-border'><div class='special-heading-inner-border' ><\/div><\/div><\/div><br \/>\n<div  class='avia-image-container  av-styling-    avia-builder-el-12  el_after_av_heading  el_before_av_button  avia-align-center'  itemprop=\"image\" itemscope=\"itemscope\" itemtype=\"https:\/\/schema.org\/ImageObject\"  ><div class='avia-image-container-inner'><div class='avia-image-overlay-wrap'><a href='https:\/\/www.isismedical.ee\/en\/verevotuvahendid-holderid\/' class='avia_image'  ><img decoding=\"async\" width=\"300\" height=\"300\" class='wp-image-1059 avia-img-lazy-loading-not-1059 avia_image' src=\"https:\/\/www.isismedical.ee\/wp-content\/uploads\/2017\/02\/Holderid_ruut.jpg\" alt='' title='Holders_square'  itemprop=\"thumbnailUrl\" srcset=\"https:\/\/www.isismedical.ee\/wp-content\/uploads\/2017\/02\/Holderid_ruut.jpg 300w, https:\/\/www.isismedical.ee\/wp-content\/uploads\/2017\/02\/Holderid_ruut-80x80.jpg 80w, https:\/\/www.isismedical.ee\/wp-content\/uploads\/2017\/02\/Holderid_ruut-36x36.jpg 36w, https:\/\/www.isismedical.ee\/wp-content\/uploads\/2017\/02\/Holderid_ruut-180x180.jpg 180w, https:\/\/www.isismedical.ee\/wp-content\/uploads\/2017\/02\/Holderid_ruut-120x120.jpg 120w\" sizes=\"(max-width: 300px) 100vw, 300px\" \/><\/a><\/div><\/div><\/div><br \/>\n<div  class='avia-button-wrap avia-button-center  avia-builder-el-13  el_after_av_image  avia-builder-el-last' ><a href='https:\/\/www.isismedical.ee\/en\/verevotuvahendid-holderid\/'  class='avia-button  avia-color-theme-color   avia-icon_select-no avia-size-small avia-position-center'   ><span class='avia_iconbox_title' >Find out more<\/span><\/a><\/div><\/p><\/div>\n<div class=\"flex_column av_one_third  flex_column_div av-zero-column-padding first  avia-builder-el-14  el_after_av_one_third  el_before_av_one_third  column-top-margin\" style='border-radius:0px; '><p><div  style='padding-bottom:10px; ' class='av-special-heading av-special-heading-h3  blockquote modern-quote modern-centered  avia-builder-el-15  el_before_av_image  avia-builder-el-first'><h3 class='av-special-heading-tag'  itemprop=\"headline\"  >Sets<\/h3><div class='special-heading-border'><div class='special-heading-inner-border' ><\/div><\/div><\/div><br \/>\n<div  class='avia-image-container  av-styling-    avia-builder-el-16  el_after_av_heading  el_before_av_button  avia-align-center'  itemprop=\"image\" itemscope=\"itemscope\" itemtype=\"https:\/\/schema.org\/ImageObject\"  ><div class='avia-image-container-inner'><div class='avia-image-overlay-wrap'><a href='https:\/\/www.isismedical.ee\/en\/verevotuvahendid-komplektid\/' class='avia_image'  ><img decoding=\"async\" width=\"300\" height=\"300\" class='wp-image-1060 avia-img-lazy-loading-not-1060 avia_image' src=\"https:\/\/www.isismedical.ee\/wp-content\/uploads\/2017\/02\/Komplektid_ruut.jpg\" alt='' title='Sets_square'  itemprop=\"thumbnailUrl\" srcset=\"https:\/\/www.isismedical.ee\/wp-content\/uploads\/2017\/02\/Komplektid_ruut.jpg 300w, https:\/\/www.isismedical.ee\/wp-content\/uploads\/2017\/02\/Komplektid_ruut-80x80.jpg 80w, https:\/\/www.isismedical.ee\/wp-content\/uploads\/2017\/02\/Komplektid_ruut-36x36.jpg 36w, https:\/\/www.isismedical.ee\/wp-content\/uploads\/2017\/02\/Komplektid_ruut-180x180.jpg 180w, https:\/\/www.isismedical.ee\/wp-content\/uploads\/2017\/02\/Komplektid_ruut-120x120.jpg 120w\" sizes=\"(max-width: 300px) 100vw, 300px\" \/><\/a><\/div><\/div><\/div><br \/>\n<div  class='avia-button-wrap avia-button-center  avia-builder-el-17  el_after_av_image  avia-builder-el-last' ><a href='https:\/\/www.isismedical.ee\/en\/verevotuvahendid-komplektid\/'  class='avia-button  avia-color-theme-color   avia-icon_select-no avia-size-small avia-position-center'   ><span class='avia_iconbox_title' >Find out more<\/span><\/a><\/div><\/p><\/div>\n<div class=\"flex_column av_one_third  flex_column_div av-zero-column-padding   avia-builder-el-18  el_after_av_one_third  el_before_av_one_third  column-top-margin\" style='border-radius:0px; '><p><div  style='padding-bottom:10px; ' class='av-special-heading av-special-heading-h3  blockquote modern-quote modern-centered  avia-builder-el-19  el_before_av_image  avia-builder-el-first'><h3 class='av-special-heading-tag'  itemprop=\"headline\"  >Urine collection system<\/h3><div class='special-heading-border'><div class='special-heading-inner-border' ><\/div><\/div><\/div><br \/>\n<div  class='avia-image-container  av-styling-    avia-builder-el-20  el_after_av_heading  el_before_av_button  avia-align-center'  itemprop=\"image\" itemscope=\"itemscope\" itemtype=\"https:\/\/schema.org\/ImageObject\"  ><div class='avia-image-container-inner'><div class='avia-image-overlay-wrap'><a href='https:\/\/www.isismedical.ee\/en\/uriinikogumise-susteem\/' class='avia_image'  ><img decoding=\"async\" width=\"300\" height=\"300\" class='wp-image-1061 avia-img-lazy-loading-not-1061 avia_image' src=\"https:\/\/www.isismedical.ee\/wp-content\/uploads\/2017\/02\/Uriinikogumissusteem_ruut.jpg\" alt='' title='Urine collection system_square'  itemprop=\"thumbnailUrl\" srcset=\"https:\/\/www.isismedical.ee\/wp-content\/uploads\/2017\/02\/Uriinikogumissusteem_ruut.jpg 300w, https:\/\/www.isismedical.ee\/wp-content\/uploads\/2017\/02\/Uriinikogumissusteem_ruut-80x80.jpg 80w, https:\/\/www.isismedical.ee\/wp-content\/uploads\/2017\/02\/Uriinikogumissusteem_ruut-36x36.jpg 36w, https:\/\/www.isismedical.ee\/wp-content\/uploads\/2017\/02\/Uriinikogumissusteem_ruut-180x180.jpg 180w, https:\/\/www.isismedical.ee\/wp-content\/uploads\/2017\/02\/Uriinikogumissusteem_ruut-120x120.jpg 120w\" sizes=\"(max-width: 300px) 100vw, 300px\" \/><\/a><\/div><\/div><\/div><br \/>\n<div  class='avia-button-wrap avia-button-center  avia-builder-el-21  el_after_av_image  avia-builder-el-last' ><a href='https:\/\/www.isismedical.ee\/en\/uriinikogumise-susteem\/'  class='avia-button  avia-color-theme-color   avia-icon_select-no avia-size-small avia-position-center'   ><span class='avia_iconbox_title' >Find out more<\/span><\/a><\/div><\/p><\/div>\n<div class=\"flex_column av_one_third  flex_column_div av-zero-column-padding   avia-builder-el-22  el_after_av_one_third  el_before_av_one_third  column-top-margin\" style='border-radius:0px; '><p><div  style='padding-bottom:10px; ' class='av-special-heading av-special-heading-h3  blockquote modern-quote modern-centered  avia-builder-el-23  el_before_av_image  avia-builder-el-first'><h3 class='av-special-heading-tag'  itemprop=\"headline\"  >Zguts<\/h3><div class='special-heading-border'><div class='special-heading-inner-border' ><\/div><\/div><\/div><br \/>\n<div  class='avia-image-container  av-styling-    avia-builder-el-24  el_after_av_heading  el_before_av_button  avia-align-center'  itemprop=\"image\" itemscope=\"itemscope\" itemtype=\"https:\/\/schema.org\/ImageObject\"  ><div class='avia-image-container-inner'><div class='avia-image-overlay-wrap'><a href='https:\/\/www.isismedical.ee\/en\/verevotuvahendid-zgutid-ja-konteinerid-tooteleht\/' class='avia_image'  ><img decoding=\"async\" width=\"300\" height=\"300\" class='wp-image-1062 avia-img-lazy-loading-not-1062 avia_image' src=\"https:\/\/www.isismedical.ee\/wp-content\/uploads\/2017\/02\/zgutid_ruut.jpg\" alt='' title='zgutid_ruut'  itemprop=\"thumbnailUrl\" srcset=\"https:\/\/www.isismedical.ee\/wp-content\/uploads\/2017\/02\/zgutid_ruut.jpg 300w, https:\/\/www.isismedical.ee\/wp-content\/uploads\/2017\/02\/zgutid_ruut-80x80.jpg 80w, https:\/\/www.isismedical.ee\/wp-content\/uploads\/2017\/02\/zgutid_ruut-36x36.jpg 36w, https:\/\/www.isismedical.ee\/wp-content\/uploads\/2017\/02\/zgutid_ruut-180x180.jpg 180w, https:\/\/www.isismedical.ee\/wp-content\/uploads\/2017\/02\/zgutid_ruut-120x120.jpg 120w\" sizes=\"(max-width: 300px) 100vw, 300px\" \/><\/a><\/div><\/div><\/div><br \/>\n<div  class='avia-button-wrap avia-button-center  avia-builder-el-25  el_after_av_image  avia-builder-el-last' ><a href='https:\/\/www.isismedical.ee\/en\/verevotuvahendid-zgutid-ja-konteinerid-tooteleht\/'  class='avia-button  avia-color-theme-color   avia-icon_select-no avia-size-small avia-position-center'   ><span class='avia_iconbox_title' >Find out more<\/span><\/a><\/div><\/p><\/div>\n<div class=\"flex_column av_one_third  flex_column_div av-zero-column-padding first  avia-builder-el-26  el_after_av_one_third  el_before_av_one_third  column-top-margin\" style='border-radius:0px; '><p><div  style='padding-bottom:10px; ' class='av-special-heading av-special-heading-h3  blockquote modern-quote modern-centered  avia-builder-el-27  el_before_av_image  avia-builder-el-first'><h3 class='av-special-heading-tag'  itemprop=\"headline\"  >Mini Collect<\/h3><div class='special-heading-border'><div class='special-heading-inner-border' ><\/div><\/div><\/div><br \/>\n<div  class='avia-image-container  av-styling-    avia-builder-el-28  el_after_av_heading  el_before_av_button  avia-align-center'  itemprop=\"image\" itemscope=\"itemscope\" itemtype=\"https:\/\/schema.org\/ImageObject\"  ><div class='avia-image-container-inner'><div class='avia-image-overlay-wrap'><a href='https:\/\/www.isismedical.ee\/en\/verevotuvahendid-minicollect\/' class='avia_image'  ><img decoding=\"async\" width=\"300\" height=\"300\" class='wp-image-1063 avia-img-lazy-loading-not-1063 avia_image' src=\"https:\/\/www.isismedical.ee\/wp-content\/uploads\/2017\/02\/MiniCollect_ruut.jpg\" alt='' title='MiniCollect_square'  itemprop=\"thumbnailUrl\" srcset=\"https:\/\/www.isismedical.ee\/wp-content\/uploads\/2017\/02\/MiniCollect_ruut.jpg 300w, https:\/\/www.isismedical.ee\/wp-content\/uploads\/2017\/02\/MiniCollect_ruut-80x80.jpg 80w, https:\/\/www.isismedical.ee\/wp-content\/uploads\/2017\/02\/MiniCollect_ruut-36x36.jpg 36w, https:\/\/www.isismedical.ee\/wp-content\/uploads\/2017\/02\/MiniCollect_ruut-180x180.jpg 180w, https:\/\/www.isismedical.ee\/wp-content\/uploads\/2017\/02\/MiniCollect_ruut-120x120.jpg 120w\" sizes=\"(max-width: 300px) 100vw, 300px\" \/><\/a><\/div><\/div><\/div><br \/>\n<div  class='avia-button-wrap avia-button-center  avia-builder-el-29  el_after_av_image  avia-builder-el-last' ><a href='https:\/\/www.isismedical.ee\/en\/verevotuvahendid-minicollect\/'  class='avia-button  avia-color-theme-color   avia-icon_select-no avia-size-small avia-position-center'   ><span class='avia_iconbox_title' >Find out more<\/span><\/a><\/div><\/p><\/div>\n<div class=\"flex_column av_one_third  flex_column_div av-zero-column-padding   avia-builder-el-30  el_after_av_one_third  el_before_av_one_third  column-top-margin\" style='border-radius:0px; '><p><div  style='padding-bottom:10px; ' class='av-special-heading av-special-heading-h3  blockquote modern-quote modern-centered  avia-builder-el-31  el_before_av_image  avia-builder-el-first'><h3 class='av-special-heading-tag'  itemprop=\"headline\"  >Equipment<\/h3><div class='special-heading-border'><div class='special-heading-inner-border' ><\/div><\/div><\/div><br \/>\n<div  class='avia-image-container  av-styling-    avia-builder-el-32  el_after_av_heading  el_before_av_button  avia-align-center'  itemprop=\"image\" itemscope=\"itemscope\" itemtype=\"https:\/\/schema.org\/ImageObject\"  ><div class='avia-image-container-inner'><div class='avia-image-overlay-wrap'><a href='https:\/\/www.isismedical.ee\/en\/verevotuvahendid-seadmed\/' class='avia_image'  ><img decoding=\"async\" width=\"300\" height=\"300\" class='wp-image-1064 avia-img-lazy-loading-not-1064 avia_image' src=\"https:\/\/www.isismedical.ee\/wp-content\/uploads\/2017\/02\/Seadmed_ruut.jpg\" alt='' title='Devices_square'  itemprop=\"thumbnailUrl\" srcset=\"https:\/\/www.isismedical.ee\/wp-content\/uploads\/2017\/02\/Seadmed_ruut.jpg 300w, https:\/\/www.isismedical.ee\/wp-content\/uploads\/2017\/02\/Seadmed_ruut-80x80.jpg 80w, https:\/\/www.isismedical.ee\/wp-content\/uploads\/2017\/02\/Seadmed_ruut-36x36.jpg 36w, https:\/\/www.isismedical.ee\/wp-content\/uploads\/2017\/02\/Seadmed_ruut-180x180.jpg 180w, https:\/\/www.isismedical.ee\/wp-content\/uploads\/2017\/02\/Seadmed_ruut-120x120.jpg 120w\" sizes=\"(max-width: 300px) 100vw, 300px\" \/><\/a><\/div><\/div><\/div><br \/>\n<div  class='avia-button-wrap avia-button-center  avia-builder-el-33  el_after_av_image  avia-builder-el-last' ><a href='https:\/\/www.isismedical.ee\/en\/verevotuvahendid-seadmed\/'  class='avia-button  avia-color-theme-color   avia-icon_select-no avia-size-small avia-position-center'   ><span class='avia_iconbox_title' >Find out more<\/span><\/a><\/div><\/p><\/div>\n<div class=\"flex_column av_one_third  flex_column_div av-zero-column-padding   avia-builder-el-34  el_after_av_one_third  avia-builder-el-last  column-top-margin\" style='border-radius:0px; '><p><div  style='padding-bottom:10px; ' class='av-special-heading av-special-heading-h3  blockquote modern-quote modern-centered  avia-builder-el-35  el_before_av_image  avia-builder-el-first'><h3 class='av-special-heading-tag'  itemprop=\"headline\"  >Containers<\/h3><div class='special-heading-border'><div class='special-heading-inner-border' ><\/div><\/div><\/div><br \/>\n<div  class='avia-image-container  av-styling-    avia-builder-el-36  el_after_av_heading  el_before_av_button  avia-align-center'  itemprop=\"image\" itemscope=\"itemscope\" itemtype=\"https:\/\/schema.org\/ImageObject\"  ><div class='avia-image-container-inner'><div class='avia-image-overlay-wrap'><a href='https:\/\/www.isismedical.ee\/en\/verevotuvahendid-jaatmekonteinerid\/' class='avia_image'  ><img decoding=\"async\" width=\"300\" height=\"300\" class='wp-image-1066 avia-img-lazy-loading-not-1066 avia_image' src=\"https:\/\/www.isismedical.ee\/wp-content\/uploads\/2017\/02\/Jaatmekonteinerid_ruut.jpg\" alt='' title='Waste containers_square'  itemprop=\"thumbnailUrl\" srcset=\"https:\/\/www.isismedical.ee\/wp-content\/uploads\/2017\/02\/Jaatmekonteinerid_ruut.jpg 300w, https:\/\/www.isismedical.ee\/wp-content\/uploads\/2017\/02\/Jaatmekonteinerid_ruut-80x80.jpg 80w, https:\/\/www.isismedical.ee\/wp-content\/uploads\/2017\/02\/Jaatmekonteinerid_ruut-36x36.jpg 36w, https:\/\/www.isismedical.ee\/wp-content\/uploads\/2017\/02\/Jaatmekonteinerid_ruut-180x180.jpg 180w, https:\/\/www.isismedical.ee\/wp-content\/uploads\/2017\/02\/Jaatmekonteinerid_ruut-120x120.jpg 120w\" sizes=\"(max-width: 300px) 100vw, 300px\" \/><\/a><\/div><\/div><\/div><br \/>\n<div  class='avia-button-wrap avia-button-center  avia-builder-el-37  el_after_av_image  avia-builder-el-last' ><a href='https:\/\/www.isismedical.ee\/en\/verevotuvahendid-jaatmekonteinerid\/'  class='avia-button  avia-color-theme-color   avia-icon_select-no avia-size-small avia-position-center'   ><span class='avia_iconbox_title' >Find out more<\/span><\/a><\/div><\/p><\/div>","protected":false},"excerpt":{"rendered":"","protected":false},"author":6,"featured_media":0,"parent":0,"menu_order":0,"comment_status":"closed","ping_status":"closed","template":"","meta":{"_monsterinsights_skip_tracking":false,"_monsterinsights_sitenote_active":false,"_monsterinsights_sitenote_note":"","_monsterinsights_sitenote_category":0,"footnotes":""},"class_list":["post-115","page","type-page","status-publish","hentry"],"yoast_head":"<!-- This site is optimized with the Yoast SEO plugin v25.3.1 - https:\/\/yoast.com\/wordpress\/plugins\/seo\/ -->\n<title>Greiner Bio One, Vacuette verev\u00f5tuvahendid - Isis Medical<\/title>\n<meta name=\"description\" content=\"Greiner Bio One Vacuette katsutid, n\u00f5elad, verev\u00f5tukomplektid, holderid, zgutid, j\u00e4\u00e4tmekonteinerid - k\u00f5ik verev\u00f5tuks vajalik laboritele ja perearstidele!\" \/>\n<meta name=\"robots\" content=\"index, follow, max-snippet:-1, max-image-preview:large, max-video-preview:-1\" \/>\n<link rel=\"canonical\" href=\"https:\/\/www.isismedical.ee\/en\/verevotuvahendid\/\" \/>\n<meta property=\"og:locale\" content=\"en_GB\" \/>\n<meta property=\"og:type\" content=\"article\" \/>\n<meta property=\"og:title\" content=\"Greiner Bio One, Vacuette verev\u00f5tuvahendid - Isis Medical\" \/>\n<meta property=\"og:description\" content=\"Greiner Bio One Vacuette katsutid, n\u00f5elad, verev\u00f5tukomplektid, holderid, zgutid, j\u00e4\u00e4tmekonteinerid - k\u00f5ik verev\u00f5tuks vajalik laboritele ja perearstidele!\" \/>\n<meta property=\"og:url\" content=\"https:\/\/www.isismedical.ee\/en\/verevotuvahendid\/\" \/>\n<meta property=\"og:site_name\" content=\"ISIS Medical\" \/>\n<meta property=\"article:modified_time\" content=\"2019-04-22T09:45:24+00:00\" \/>\n<meta name=\"twitter:card\" content=\"summary_large_image\" \/>\n<meta name=\"twitter:label1\" content=\"Est. reading time\" \/>\n\t<meta name=\"twitter:data1\" content=\"8 minutes\" \/>\n<script type=\"application\/ld+json\" class=\"yoast-schema-graph\">{\"@context\":\"https:\/\/schema.org\",\"@graph\":[{\"@type\":\"WebPage\",\"@id\":\"https:\/\/www.isismedical.ee\/verevotuvahendid\/\",\"url\":\"https:\/\/www.isismedical.ee\/verevotuvahendid\/\",\"name\":\"Greiner Bio One, Vacuette verev\u00f5tuvahendid - Isis Medical\",\"isPartOf\":{\"@id\":\"https:\/\/www.isismedical.ee\/#website\"},\"datePublished\":\"2017-02-06T11:05:51+00:00\",\"dateModified\":\"2019-04-22T09:45:24+00:00\",\"description\":\"Greiner Bio One Vacuette katsutid, n\u00f5elad, verev\u00f5tukomplektid, holderid, zgutid, j\u00e4\u00e4tmekonteinerid - k\u00f5ik verev\u00f5tuks vajalik laboritele ja perearstidele!\",\"breadcrumb\":{\"@id\":\"https:\/\/www.isismedical.ee\/verevotuvahendid\/#breadcrumb\"},\"inLanguage\":\"en-GB\",\"potentialAction\":[{\"@type\":\"ReadAction\",\"target\":[\"https:\/\/www.isismedical.ee\/verevotuvahendid\/\"]}]},{\"@type\":\"BreadcrumbList\",\"@id\":\"https:\/\/www.isismedical.ee\/verevotuvahendid\/#breadcrumb\",\"itemListElement\":[{\"@type\":\"ListItem\",\"position\":1,\"name\":\"Home\",\"item\":\"https:\/\/www.isismedical.ee\/\"},{\"@type\":\"ListItem\",\"position\":2,\"name\":\"Verev\u00f5tuvahendid\"}]},{\"@type\":\"WebSite\",\"@id\":\"https:\/\/www.isismedical.ee\/#website\",\"url\":\"https:\/\/www.isismedical.ee\/\",\"name\":\"ISIS Medical\",\"description\":\"ISIS Medical\",\"potentialAction\":[{\"@type\":\"SearchAction\",\"target\":{\"@type\":\"EntryPoint\",\"urlTemplate\":\"https:\/\/www.isismedical.ee\/?s={search_term_string}\"},\"query-input\":{\"@type\":\"PropertyValueSpecification\",\"valueRequired\":true,\"valueName\":\"search_term_string\"}}],\"inLanguage\":\"en-GB\"}]}<\/script>\n<!-- \/ Yoast SEO plugin. -->","yoast_head_json":{"title":"Greiner Bio One, Vacuette verev\u00f5tuvahendid - Isis Medical","description":"Greiner Bio One Vacuette katsutid, n\u00f5elad, verev\u00f5tukomplektid, holderid, zgutid, j\u00e4\u00e4tmekonteinerid - k\u00f5ik verev\u00f5tuks vajalik laboritele ja perearstidele!","robots":{"index":"index","follow":"follow","max-snippet":"max-snippet:-1","max-image-preview":"max-image-preview:large","max-video-preview":"max-video-preview:-1"},"canonical":"https:\/\/www.isismedical.ee\/en\/verevotuvahendid\/","og_locale":"en_GB","og_type":"article","og_title":"Greiner Bio One, Vacuette verev\u00f5tuvahendid - Isis Medical","og_description":"Greiner Bio One Vacuette katsutid, n\u00f5elad, verev\u00f5tukomplektid, holderid, zgutid, j\u00e4\u00e4tmekonteinerid - k\u00f5ik verev\u00f5tuks vajalik laboritele ja perearstidele!","og_url":"https:\/\/www.isismedical.ee\/en\/verevotuvahendid\/","og_site_name":"ISIS Medical","article_modified_time":"2019-04-22T09:45:24+00:00","twitter_card":"summary_large_image","twitter_misc":{"Est. reading time":"8 minutes"},"schema":{"@context":"https:\/\/schema.org","@graph":[{"@type":"WebPage","@id":"https:\/\/www.isismedical.ee\/verevotuvahendid\/","url":"https:\/\/www.isismedical.ee\/verevotuvahendid\/","name":"Greiner Bio One, Vacuette verev\u00f5tuvahendid - Isis Medical","isPartOf":{"@id":"https:\/\/www.isismedical.ee\/#website"},"datePublished":"2017-02-06T11:05:51+00:00","dateModified":"2019-04-22T09:45:24+00:00","description":"Greiner Bio One Vacuette katsutid, n\u00f5elad, verev\u00f5tukomplektid, holderid, zgutid, j\u00e4\u00e4tmekonteinerid - k\u00f5ik verev\u00f5tuks vajalik laboritele ja perearstidele!","breadcrumb":{"@id":"https:\/\/www.isismedical.ee\/verevotuvahendid\/#breadcrumb"},"inLanguage":"en-GB","potentialAction":[{"@type":"ReadAction","target":["https:\/\/www.isismedical.ee\/verevotuvahendid\/"]}]},{"@type":"BreadcrumbList","@id":"https:\/\/www.isismedical.ee\/verevotuvahendid\/#breadcrumb","itemListElement":[{"@type":"ListItem","position":1,"name":"Home","item":"https:\/\/www.isismedical.ee\/"},{"@type":"ListItem","position":2,"name":"Verev\u00f5tuvahendid"}]},{"@type":"WebSite","@id":"https:\/\/www.isismedical.ee\/#website","url":"https:\/\/www.isismedical.ee\/","name":"ISIS Medical","description":"ISIS Medical","potentialAction":[{"@type":"SearchAction","target":{"@type":"EntryPoint","urlTemplate":"https:\/\/www.isismedical.ee\/?s={search_term_string}"},"query-input":{"@type":"PropertyValueSpecification","valueRequired":true,"valueName":"search_term_string"}}],"inLanguage":"en-GB"}]}},"_links":{"self":[{"href":"https:\/\/www.isismedical.ee\/en\/wp-json\/wp\/v2\/pages\/115","targetHints":{"allow":["GET"]}}],"collection":[{"href":"https:\/\/www.isismedical.ee\/en\/wp-json\/wp\/v2\/pages"}],"about":[{"href":"https:\/\/www.isismedical.ee\/en\/wp-json\/wp\/v2\/types\/page"}],"author":[{"embeddable":true,"href":"https:\/\/www.isismedical.ee\/en\/wp-json\/wp\/v2\/users\/6"}],"replies":[{"embeddable":true,"href":"https:\/\/www.isismedical.ee\/en\/wp-json\/wp\/v2\/comments?post=115"}],"version-history":[{"count":2,"href":"https:\/\/www.isismedical.ee\/en\/wp-json\/wp\/v2\/pages\/115\/revisions"}],"predecessor-version":[{"id":5280,"href":"https:\/\/www.isismedical.ee\/en\/wp-json\/wp\/v2\/pages\/115\/revisions\/5280"}],"wp:attachment":[{"href":"https:\/\/www.isismedical.ee\/en\/wp-json\/wp\/v2\/media?parent=115"}],"curies":[{"name":"wp","href":"https:\/\/api.w.org\/{rel}","templated":true}]}}