{"id":139,"date":"2017-02-06T13:21:36","date_gmt":"2017-02-06T11:21:36","guid":{"rendered":"http:\/\/www.isismedical.ee\/?page_id=139"},"modified":"2021-06-07T14:45:04","modified_gmt":"2021-06-07T11:45:04","slug":"varia","status":"publish","type":"page","link":"https:\/\/www.isismedical.ee\/en\/varia\/","title":{"rendered":"Miscellaneous"},"content":{"rendered":"<p><div  style='padding-bottom:10px; color:#00da63;font-size:26px;' class='av-special-heading av-special-heading-h1 custom-color-heading blockquote modern-quote  avia-builder-el-0  el_before_av_hr  avia-builder-el-first  av-inherit-size'><h1 class='av-special-heading-tag'  itemprop=\"headline\"  >Miscellaneous<\/h1><div class='special-heading-border'><div class='special-heading-inner-border' style='border-color:#00da63'><\/div><\/div><\/div><br \/>\n<div   class='hr hr-default   avia-builder-el-1  el_after_av_heading  el_before_av_one_third'><span class='hr-inner' ><span class='hr-inner-style'><\/span><\/span><\/div><br \/>\n<div class=\"flex_column av_one_third  flex_column_div av-zero-column-padding first  avia-builder-el-2  el_after_av_hr  el_before_av_one_third\" style='border-radius:0px; '><p><div  style='padding-bottom:10px; ' class='av-special-heading av-special-heading-h3  blockquote modern-quote modern-centered  avia-builder-el-3  el_before_av_image  avia-builder-el-first'><h3 class='av-special-heading-tag'  itemprop=\"headline\"  >Blood pressure machines<\/h3><div class='special-heading-border'><div class='special-heading-inner-border' ><\/div><\/div><\/div><br \/>\n<div  class='avia-image-container  av-styling-    avia-builder-el-4  el_after_av_heading  el_before_av_button  avia-align-center'  itemprop=\"image\" itemscope=\"itemscope\" itemtype=\"https:\/\/schema.org\/ImageObject\"  ><div class='avia-image-container-inner'><div class='avia-image-overlay-wrap'><a href='https:\/\/www.isismedical.ee\/en\/vererohuaparaadid\/' class='avia_image'  ><img decoding=\"async\" width=\"300\" height=\"300\" class='wp-image-3574 avia-img-lazy-loading-not-3574 avia_image' src=\"https:\/\/www.isismedical.ee\/wp-content\/uploads\/2017\/02\/HelpRapid-1.jpg\" alt='' title='HelpRapid'  itemprop=\"thumbnailUrl\" srcset=\"https:\/\/www.isismedical.ee\/wp-content\/uploads\/2017\/02\/HelpRapid-1.jpg 300w, https:\/\/www.isismedical.ee\/wp-content\/uploads\/2017\/02\/HelpRapid-1-80x80.jpg 80w, https:\/\/www.isismedical.ee\/wp-content\/uploads\/2017\/02\/HelpRapid-1-36x36.jpg 36w, https:\/\/www.isismedical.ee\/wp-content\/uploads\/2017\/02\/HelpRapid-1-180x180.jpg 180w, https:\/\/www.isismedical.ee\/wp-content\/uploads\/2017\/02\/HelpRapid-1-120x120.jpg 120w\" sizes=\"(max-width: 300px) 100vw, 300px\" \/><\/a><\/div><\/div><\/div><br \/>\n<div  class='avia-button-wrap avia-button-center  avia-builder-el-5  el_after_av_image  avia-builder-el-last' ><a href='https:\/\/www.isismedical.ee\/en\/vererohuaparaadid\/'  class='avia-button  avia-color-theme-color   avia-icon_select-no avia-size-small avia-position-center'   ><span class='avia_iconbox_title' >Find out more<\/span><\/a><\/div><\/p><\/div><br \/>\n<div class=\"flex_column av_one_third  flex_column_div av-zero-column-padding   avia-builder-el-6  el_after_av_one_third  el_before_av_one_third\" style='border-radius:0px; '><p><div  style='padding-bottom:10px; ' class='av-special-heading av-special-heading-h3  blockquote modern-quote modern-centered  avia-builder-el-7  el_before_av_image  avia-builder-el-first'><h3 class='av-special-heading-tag'  itemprop=\"headline\"  >Tonus Elasto <\/h3><div class='special-heading-border'><div class='special-heading-inner-border' ><\/div><\/div><\/div><br \/>\n<div  class='avia-image-container  av-styling-    avia-builder-el-8  el_after_av_heading  el_before_av_button  avia-align-center'  itemprop=\"image\" itemscope=\"itemscope\" itemtype=\"https:\/\/schema.org\/ImageObject\"  ><div class='avia-image-container-inner'><div class='avia-image-overlay-wrap'><a href='https:\/\/www.isismedical.ee\/en\/tonus-elast-tugisidemed\/' class='avia_image'  ><img decoding=\"async\" width=\"300\" height=\"300\" class='wp-image-1664 avia-img-lazy-loading-not-1664 avia_image' src=\"https:\/\/www.isismedical.ee\/wp-content\/uploads\/2017\/02\/tonuselast.jpg\" alt='' title='tonusela'  itemprop=\"thumbnailUrl\" srcset=\"https:\/\/www.isismedical.ee\/wp-content\/uploads\/2017\/02\/tonuselast.jpg 300w, https:\/\/www.isismedical.ee\/wp-content\/uploads\/2017\/02\/tonuselast-80x80.jpg 80w, https:\/\/www.isismedical.ee\/wp-content\/uploads\/2017\/02\/tonuselast-36x36.jpg 36w, https:\/\/www.isismedical.ee\/wp-content\/uploads\/2017\/02\/tonuselast-180x180.jpg 180w, https:\/\/www.isismedical.ee\/wp-content\/uploads\/2017\/02\/tonuselast-120x120.jpg 120w\" sizes=\"(max-width: 300px) 100vw, 300px\" \/><\/a><\/div><\/div><\/div><br \/>\n<div  class='avia-button-wrap avia-button-center  avia-builder-el-9  el_after_av_image  avia-builder-el-last' ><a href='https:\/\/www.isismedical.ee\/en\/tonus-elast-tugisidemed\/'  class='avia-button  avia-color-theme-color   avia-icon_select-no avia-size-small avia-position-center'   ><span class='avia_iconbox_title' >Find out more<\/span><\/a><\/div><\/p><\/div><br \/>\n<div class=\"flex_column av_one_third  flex_column_div av-zero-column-padding   avia-builder-el-10  el_after_av_one_third  el_before_av_one_third\" style='border-radius:0px; '><p><div  style='padding-bottom:10px; ' class='av-special-heading av-special-heading-h3  blockquote modern-quote modern-centered  avia-builder-el-11  el_before_av_image  avia-builder-el-first'><h3 class='av-special-heading-tag'  itemprop=\"headline\"  >Thermometers<\/h3><div class='special-heading-border'><div class='special-heading-inner-border' ><\/div><\/div><\/div><br \/>\n<div  class='avia-image-container  av-styling-    avia-builder-el-12  el_after_av_heading  el_before_av_button  avia-align-center'  itemprop=\"image\" itemscope=\"itemscope\" itemtype=\"https:\/\/schema.org\/ImageObject\"  ><div class='avia-image-container-inner'><div class='avia-image-overlay-wrap'><a href='https:\/\/www.isismedical.ee\/en\/termomeetrid\/' class='avia_image'  ><img decoding=\"async\" width=\"300\" height=\"300\" class='wp-image-667 avia-img-lazy-loading-not-667 avia_image' src=\"https:\/\/www.isismedical.ee\/wp-content\/uploads\/2017\/02\/VedoPlus-termomeeterruut.jpg\" alt='' title='VedoPlus thermometer square'  itemprop=\"thumbnailUrl\" srcset=\"https:\/\/www.isismedical.ee\/wp-content\/uploads\/2017\/02\/VedoPlus-termomeeterruut.jpg 300w, https:\/\/www.isismedical.ee\/wp-content\/uploads\/2017\/02\/VedoPlus-termomeeterruut-80x80.jpg 80w, https:\/\/www.isismedical.ee\/wp-content\/uploads\/2017\/02\/VedoPlus-termomeeterruut-36x36.jpg 36w, https:\/\/www.isismedical.ee\/wp-content\/uploads\/2017\/02\/VedoPlus-termomeeterruut-180x180.jpg 180w, https:\/\/www.isismedical.ee\/wp-content\/uploads\/2017\/02\/VedoPlus-termomeeterruut-120x120.jpg 120w\" sizes=\"(max-width: 300px) 100vw, 300px\" \/><\/a><\/div><\/div><\/div><br \/>\n<div  class='avia-button-wrap avia-button-center  avia-builder-el-13  el_after_av_image  avia-builder-el-last' ><a href='https:\/\/www.isismedical.ee\/en\/termomeetrid\/'  class='avia-button  avia-color-theme-color   avia-icon_select-no avia-size-small avia-position-center'   ><span class='avia_iconbox_title' >Find out more<\/span><\/a><\/div><\/p><\/div><br \/>\n<div class=\"flex_column av_one_third  flex_column_div av-zero-column-padding first  avia-builder-el-14  el_after_av_one_third  el_before_av_one_third  column-top-margin\" style='border-radius:0px; '><p><div  style='padding-bottom:10px; ' class='av-special-heading av-special-heading-h3  blockquote modern-quote modern-centered  avia-builder-el-15  el_before_av_image  avia-builder-el-first'><h3 class='av-special-heading-tag'  itemprop=\"headline\"  >Inside <\/h3><div class='special-heading-border'><div class='special-heading-inner-border' ><\/div><\/div><\/div><br \/>\n<div  class='avia-image-container  av-styling-    avia-builder-el-16  el_after_av_heading  el_before_av_button  avia-align-center'  itemprop=\"image\" itemscope=\"itemscope\" itemtype=\"https:\/\/schema.org\/ImageObject\"  ><div class='avia-image-container-inner'><div class='avia-image-overlay-wrap'><a href='https:\/\/www.isismedical.ee\/en\/sissel\/' class='avia_image'  ><img decoding=\"async\" width=\"300\" height=\"300\" class='wp-image-668 avia-img-lazy-loading-not-668 avia_image' src=\"https:\/\/www.isismedical.ee\/wp-content\/uploads\/2017\/02\/sissel1ruut.jpg\" alt='' title='sissel1square'  itemprop=\"thumbnailUrl\" srcset=\"https:\/\/www.isismedical.ee\/wp-content\/uploads\/2017\/02\/sissel1ruut.jpg 300w, https:\/\/www.isismedical.ee\/wp-content\/uploads\/2017\/02\/sissel1ruut-80x80.jpg 80w, https:\/\/www.isismedical.ee\/wp-content\/uploads\/2017\/02\/sissel1ruut-36x36.jpg 36w, https:\/\/www.isismedical.ee\/wp-content\/uploads\/2017\/02\/sissel1ruut-180x180.jpg 180w, https:\/\/www.isismedical.ee\/wp-content\/uploads\/2017\/02\/sissel1ruut-120x120.jpg 120w\" sizes=\"(max-width: 300px) 100vw, 300px\" \/><\/a><\/div><\/div><\/div><br \/>\n<div  class='avia-button-wrap avia-button-center  avia-builder-el-17  el_after_av_image  avia-builder-el-last' ><a href='https:\/\/www.isismedical.ee\/en\/sissel\/'  class='avia-button  avia-color-theme-color   avia-icon_select-no avia-size-small avia-position-center'   ><span class='avia_iconbox_title' >Find out more<\/span><\/a><\/div><\/p><\/div><br \/>\n<div class=\"flex_column av_one_third  flex_column_div av-zero-column-padding   avia-builder-el-18  el_after_av_one_third  el_before_av_one_third  column-top-margin\" style='border-radius:0px; '><p><div  style='padding-bottom:10px; ' class='av-special-heading av-special-heading-h3  blockquote modern-quote modern-centered  avia-builder-el-19  el_before_av_image  avia-builder-el-first'><h3 class='av-special-heading-tag'  itemprop=\"headline\"  >Back Vitalizer<\/h3><div class='special-heading-border'><div class='special-heading-inner-border' ><\/div><\/div><\/div><br \/>\n<div  class='avia-image-container  av-styling-    avia-builder-el-20  el_after_av_heading  el_before_av_button  avia-align-center'  itemprop=\"image\" itemscope=\"itemscope\" itemtype=\"https:\/\/schema.org\/ImageObject\"  ><div class='avia-image-container-inner'><div class='avia-image-overlay-wrap'><a href='https:\/\/www.isismedical.ee\/en\/back-vitalizer\/' class='avia_image'  ><img decoding=\"async\" width=\"300\" height=\"300\" class='wp-image-669 avia-img-lazy-loading-not-669 avia_image' src=\"https:\/\/www.isismedical.ee\/wp-content\/uploads\/2017\/02\/backvitalizerruut.jpg\" alt='' title='backvitalizersquare'  itemprop=\"thumbnailUrl\" srcset=\"https:\/\/www.isismedical.ee\/wp-content\/uploads\/2017\/02\/backvitalizerruut.jpg 300w, https:\/\/www.isismedical.ee\/wp-content\/uploads\/2017\/02\/backvitalizerruut-80x80.jpg 80w, https:\/\/www.isismedical.ee\/wp-content\/uploads\/2017\/02\/backvitalizerruut-36x36.jpg 36w, https:\/\/www.isismedical.ee\/wp-content\/uploads\/2017\/02\/backvitalizerruut-180x180.jpg 180w, https:\/\/www.isismedical.ee\/wp-content\/uploads\/2017\/02\/backvitalizerruut-120x120.jpg 120w\" sizes=\"(max-width: 300px) 100vw, 300px\" \/><\/a><\/div><\/div><\/div><br \/>\n<div  class='avia-button-wrap avia-button-center  avia-builder-el-21  el_after_av_image  avia-builder-el-last' ><a href='https:\/\/www.isismedical.ee\/en\/back-vitalizer\/'  class='avia-button  avia-color-theme-color   avia-icon_select-no avia-size-small avia-position-center'   ><span class='avia_iconbox_title' >Find out more<\/span><\/a><\/div><\/p><\/div><br \/>\n<div class=\"flex_column av_one_third  flex_column_div av-zero-column-padding   avia-builder-el-22  el_after_av_one_third  el_before_av_one_third  column-top-margin\" style='border-radius:0px; '><p><div  style='padding-bottom:10px; ' class='av-special-heading av-special-heading-h3  blockquote modern-quote modern-centered  avia-builder-el-23  el_before_av_image  avia-builder-el-first'><h3 class='av-special-heading-tag'  itemprop=\"headline\"  >Serola belt<\/h3><div class='special-heading-border'><div class='special-heading-inner-border' ><\/div><\/div><\/div><br \/>\n<div  class='avia-image-container  av-styling-    avia-builder-el-24  el_after_av_heading  el_before_av_button  avia-align-center'  itemprop=\"image\" itemscope=\"itemscope\" itemtype=\"https:\/\/schema.org\/ImageObject\"  ><div class='avia-image-container-inner'><div class='avia-image-overlay-wrap'><a href='https:\/\/www.isismedical.ee\/en\/serola-voo\/' class='avia_image'  ><img decoding=\"async\" width=\"300\" height=\"300\" class='wp-image-3193 avia-img-lazy-loading-not-3193 avia_image' src=\"https:\/\/www.isismedical.ee\/wp-content\/uploads\/2017\/02\/serola-300x300.jpg\" alt='' title='serola'  itemprop=\"thumbnailUrl\" srcset=\"https:\/\/www.isismedical.ee\/wp-content\/uploads\/2017\/02\/serola-300x300.jpg 300w, https:\/\/www.isismedical.ee\/wp-content\/uploads\/2017\/02\/serola-80x80.jpg 80w, https:\/\/www.isismedical.ee\/wp-content\/uploads\/2017\/02\/serola-36x36.jpg 36w, https:\/\/www.isismedical.ee\/wp-content\/uploads\/2017\/02\/serola-180x180.jpg 180w, https:\/\/www.isismedical.ee\/wp-content\/uploads\/2017\/02\/serola-120x120.jpg 120w, https:\/\/www.isismedical.ee\/wp-content\/uploads\/2017\/02\/serola.jpg 350w\" sizes=\"(max-width: 300px) 100vw, 300px\" \/><\/a><\/div><\/div><\/div><br \/>\n<div  class='avia-button-wrap avia-button-center  avia-builder-el-25  el_after_av_image  avia-builder-el-last' ><a href='https:\/\/www.isismedical.ee\/en\/serola-voo\/'  class='avia-button  avia-color-theme-color   avia-icon_select-no avia-size-small avia-position-center'   ><span class='avia_iconbox_title' >Find out more<\/span><\/a><\/div><\/p><\/div><br \/>\n<div class=\"flex_column av_one_third  flex_column_div av-zero-column-padding first  avia-builder-el-26  el_after_av_one_third  el_before_av_one_third  column-top-margin\" style='border-radius:0px; '><p><div  style='padding-bottom:10px; ' class='av-special-heading av-special-heading-h3  blockquote modern-quote modern-centered  avia-builder-el-27  el_before_av_image  avia-builder-el-first'><h3 class='av-special-heading-tag'  itemprop=\"headline\"  >Breastlight <\/h3><div class='special-heading-border'><div class='special-heading-inner-border' ><\/div><\/div><\/div><br \/>\n<div  class='avia-image-container  av-styling-    avia-builder-el-28  el_after_av_heading  el_before_av_button  avia-align-center'  itemprop=\"image\" itemscope=\"itemscope\" itemtype=\"https:\/\/schema.org\/ImageObject\"  ><div class='avia-image-container-inner'><div class='avia-image-overlay-wrap'><a href='https:\/\/www.isismedical.ee\/en\/breastlight-rinnavalgusti\/' class='avia_image'  ><img decoding=\"async\" width=\"300\" height=\"300\" class='wp-image-674 avia-img-lazy-loading-not-674 avia_image' src=\"https:\/\/www.isismedical.ee\/wp-content\/uploads\/2017\/02\/Breastlightruut.jpg\" alt='' title='Breastlight square'  itemprop=\"thumbnailUrl\" srcset=\"https:\/\/www.isismedical.ee\/wp-content\/uploads\/2017\/02\/Breastlightruut.jpg 300w, https:\/\/www.isismedical.ee\/wp-content\/uploads\/2017\/02\/Breastlightruut-80x80.jpg 80w, https:\/\/www.isismedical.ee\/wp-content\/uploads\/2017\/02\/Breastlightruut-36x36.jpg 36w, https:\/\/www.isismedical.ee\/wp-content\/uploads\/2017\/02\/Breastlightruut-180x180.jpg 180w, https:\/\/www.isismedical.ee\/wp-content\/uploads\/2017\/02\/Breastlightruut-120x120.jpg 120w\" sizes=\"(max-width: 300px) 100vw, 300px\" \/><\/a><\/div><\/div><\/div><br \/>\n<div  class='avia-button-wrap avia-button-center  avia-builder-el-29  el_after_av_image  avia-builder-el-last' ><a href='https:\/\/www.isismedical.ee\/en\/breastlight-rinnavalgusti\/'  class='avia-button  avia-color-theme-color   avia-icon_select-no avia-size-small avia-position-center'   ><span class='avia_iconbox_title' >Find out more<\/span><\/a><\/div><\/p><\/div><br \/>\n<div class=\"flex_column av_one_third  flex_column_div av-zero-column-padding   avia-builder-el-30  el_after_av_one_third  avia-builder-el-last  column-top-margin\" style='border-radius:0px; '><p><div  style='padding-bottom:10px; ' class='av-special-heading av-special-heading-h3  blockquote modern-quote modern-centered  avia-builder-el-31  el_before_av_image  avia-builder-el-first'><h3 class='av-special-heading-tag'  itemprop=\"headline\"  >Inhalers<\/h3><div class='special-heading-border'><div class='special-heading-inner-border' ><\/div><\/div><\/div><br \/>\n<div  class='avia-image-container  av-styling-    avia-builder-el-32  el_after_av_heading  el_before_av_button  avia-align-center'  itemprop=\"image\" itemscope=\"itemscope\" itemtype=\"https:\/\/schema.org\/ImageObject\"  ><div class='avia-image-container-inner'><div class='avia-image-overlay-wrap'><a href='https:\/\/www.isismedical.ee\/en\/inhalaatorid\/' class='avia_image'  ><img decoding=\"async\" width=\"300\" height=\"300\" class='wp-image-4407 avia-img-lazy-loading-not-4407 avia_image' src=\"https:\/\/www.isismedical.ee\/wp-content\/uploads\/2020\/10\/Ultraheli_inhalaator-300x300.jpg\" alt='' title='Ultrasonic_inhaler'  itemprop=\"thumbnailUrl\" srcset=\"https:\/\/www.isismedical.ee\/wp-content\/uploads\/2020\/10\/Ultraheli_inhalaator.jpg 300w, https:\/\/www.isismedical.ee\/wp-content\/uploads\/2020\/10\/Ultraheli_inhalaator-80x80.jpg 80w, https:\/\/www.isismedical.ee\/wp-content\/uploads\/2020\/10\/Ultraheli_inhalaator-36x36.jpg 36w, https:\/\/www.isismedical.ee\/wp-content\/uploads\/2020\/10\/Ultraheli_inhalaator-180x180.jpg 180w, https:\/\/www.isismedical.ee\/wp-content\/uploads\/2020\/10\/Ultraheli_inhalaator-120x120.jpg 120w\" sizes=\"(max-width: 300px) 100vw, 300px\" \/><\/a><\/div><\/div><\/div><br \/>\n<div  class='avia-button-wrap avia-button-center  avia-builder-el-33  el_after_av_image  avia-builder-el-last' ><a href='https:\/\/www.isismedical.ee\/en\/inhalaatorid\/'  class='avia-button  avia-color-theme-color   avia-icon_select-no avia-size-small avia-position-center'   ><span class='avia_iconbox_title' >Find out more<\/span><\/a><\/div><\/p><\/div><\/p>","protected":false},"excerpt":{"rendered":"","protected":false},"author":6,"featured_media":0,"parent":0,"menu_order":0,"comment_status":"closed","ping_status":"closed","template":"","meta":{"_monsterinsights_skip_tracking":false,"_monsterinsights_sitenote_active":false,"_monsterinsights_sitenote_note":"","_monsterinsights_sitenote_category":0,"footnotes":""},"class_list":["post-139","page","type-page","status-publish","hentry"],"yoast_head":"<!-- This site is optimized with the Yoast SEO plugin v25.3.1 - https:\/\/yoast.com\/wordpress\/plugins\/seo\/ -->\n<title>Tooted tervise j\u00e4lgimiseks ja edendamiseks - Isis Medical<\/title>\n<meta name=\"description\" content=\"Tooted, mis aitavad edendada ja j\u00e4lgida igap\u00e4evaselt sinu tervist. Verer\u00f5huaparaadid, teraapiavahendid, termomeetrid ja muu vajalik.\" \/>\n<meta name=\"robots\" content=\"index, follow, max-snippet:-1, max-image-preview:large, max-video-preview:-1\" \/>\n<link rel=\"canonical\" href=\"https:\/\/www.isismedical.ee\/en\/varia\/\" \/>\n<meta property=\"og:locale\" content=\"en_GB\" \/>\n<meta property=\"og:type\" content=\"article\" \/>\n<meta property=\"og:title\" content=\"Tooted tervise j\u00e4lgimiseks ja edendamiseks - Isis Medical\" \/>\n<meta property=\"og:description\" content=\"Tooted, mis aitavad edendada ja j\u00e4lgida igap\u00e4evaselt sinu tervist. Verer\u00f5huaparaadid, teraapiavahendid, termomeetrid ja muu vajalik.\" \/>\n<meta property=\"og:url\" content=\"https:\/\/www.isismedical.ee\/en\/varia\/\" \/>\n<meta property=\"og:site_name\" content=\"ISIS Medical\" \/>\n<meta property=\"article:modified_time\" content=\"2021-06-07T11:45:04+00:00\" \/>\n<meta name=\"twitter:card\" content=\"summary_large_image\" \/>\n<meta name=\"twitter:label1\" content=\"Est. reading time\" \/>\n\t<meta name=\"twitter:data1\" content=\"3 minutes\" \/>\n<script type=\"application\/ld+json\" class=\"yoast-schema-graph\">{\"@context\":\"https:\/\/schema.org\",\"@graph\":[{\"@type\":\"WebPage\",\"@id\":\"https:\/\/www.isismedical.ee\/varia\/\",\"url\":\"https:\/\/www.isismedical.ee\/varia\/\",\"name\":\"Tooted tervise j\u00e4lgimiseks ja edendamiseks - Isis Medical\",\"isPartOf\":{\"@id\":\"https:\/\/www.isismedical.ee\/#website\"},\"datePublished\":\"2017-02-06T11:21:36+00:00\",\"dateModified\":\"2021-06-07T11:45:04+00:00\",\"description\":\"Tooted, mis aitavad edendada ja j\u00e4lgida igap\u00e4evaselt sinu tervist. Verer\u00f5huaparaadid, teraapiavahendid, termomeetrid ja muu vajalik.\",\"breadcrumb\":{\"@id\":\"https:\/\/www.isismedical.ee\/varia\/#breadcrumb\"},\"inLanguage\":\"en-GB\",\"potentialAction\":[{\"@type\":\"ReadAction\",\"target\":[\"https:\/\/www.isismedical.ee\/varia\/\"]}]},{\"@type\":\"BreadcrumbList\",\"@id\":\"https:\/\/www.isismedical.ee\/varia\/#breadcrumb\",\"itemListElement\":[{\"@type\":\"ListItem\",\"position\":1,\"name\":\"Home\",\"item\":\"https:\/\/www.isismedical.ee\/\"},{\"@type\":\"ListItem\",\"position\":2,\"name\":\"Varia\"}]},{\"@type\":\"WebSite\",\"@id\":\"https:\/\/www.isismedical.ee\/#website\",\"url\":\"https:\/\/www.isismedical.ee\/\",\"name\":\"ISIS Medical\",\"description\":\"ISIS Medical\",\"potentialAction\":[{\"@type\":\"SearchAction\",\"target\":{\"@type\":\"EntryPoint\",\"urlTemplate\":\"https:\/\/www.isismedical.ee\/?s={search_term_string}\"},\"query-input\":{\"@type\":\"PropertyValueSpecification\",\"valueRequired\":true,\"valueName\":\"search_term_string\"}}],\"inLanguage\":\"en-GB\"}]}<\/script>\n<!-- \/ Yoast SEO plugin. -->","yoast_head_json":{"title":"Tooted tervise j\u00e4lgimiseks ja edendamiseks - Isis Medical","description":"Tooted, mis aitavad edendada ja j\u00e4lgida igap\u00e4evaselt sinu tervist. Verer\u00f5huaparaadid, teraapiavahendid, termomeetrid ja muu vajalik.","robots":{"index":"index","follow":"follow","max-snippet":"max-snippet:-1","max-image-preview":"max-image-preview:large","max-video-preview":"max-video-preview:-1"},"canonical":"https:\/\/www.isismedical.ee\/en\/varia\/","og_locale":"en_GB","og_type":"article","og_title":"Tooted tervise j\u00e4lgimiseks ja edendamiseks - Isis Medical","og_description":"Tooted, mis aitavad edendada ja j\u00e4lgida igap\u00e4evaselt sinu tervist. Verer\u00f5huaparaadid, teraapiavahendid, termomeetrid ja muu vajalik.","og_url":"https:\/\/www.isismedical.ee\/en\/varia\/","og_site_name":"ISIS Medical","article_modified_time":"2021-06-07T11:45:04+00:00","twitter_card":"summary_large_image","twitter_misc":{"Est. reading time":"3 minutes"},"schema":{"@context":"https:\/\/schema.org","@graph":[{"@type":"WebPage","@id":"https:\/\/www.isismedical.ee\/varia\/","url":"https:\/\/www.isismedical.ee\/varia\/","name":"Tooted tervise j\u00e4lgimiseks ja edendamiseks - Isis Medical","isPartOf":{"@id":"https:\/\/www.isismedical.ee\/#website"},"datePublished":"2017-02-06T11:21:36+00:00","dateModified":"2021-06-07T11:45:04+00:00","description":"Tooted, mis aitavad edendada ja j\u00e4lgida igap\u00e4evaselt sinu tervist. Verer\u00f5huaparaadid, teraapiavahendid, termomeetrid ja muu vajalik.","breadcrumb":{"@id":"https:\/\/www.isismedical.ee\/varia\/#breadcrumb"},"inLanguage":"en-GB","potentialAction":[{"@type":"ReadAction","target":["https:\/\/www.isismedical.ee\/varia\/"]}]},{"@type":"BreadcrumbList","@id":"https:\/\/www.isismedical.ee\/varia\/#breadcrumb","itemListElement":[{"@type":"ListItem","position":1,"name":"Home","item":"https:\/\/www.isismedical.ee\/"},{"@type":"ListItem","position":2,"name":"Varia"}]},{"@type":"WebSite","@id":"https:\/\/www.isismedical.ee\/#website","url":"https:\/\/www.isismedical.ee\/","name":"ISIS Medical","description":"ISIS Medical","potentialAction":[{"@type":"SearchAction","target":{"@type":"EntryPoint","urlTemplate":"https:\/\/www.isismedical.ee\/?s={search_term_string}"},"query-input":{"@type":"PropertyValueSpecification","valueRequired":true,"valueName":"search_term_string"}}],"inLanguage":"en-GB"}]}},"_links":{"self":[{"href":"https:\/\/www.isismedical.ee\/en\/wp-json\/wp\/v2\/pages\/139","targetHints":{"allow":["GET"]}}],"collection":[{"href":"https:\/\/www.isismedical.ee\/en\/wp-json\/wp\/v2\/pages"}],"about":[{"href":"https:\/\/www.isismedical.ee\/en\/wp-json\/wp\/v2\/types\/page"}],"author":[{"embeddable":true,"href":"https:\/\/www.isismedical.ee\/en\/wp-json\/wp\/v2\/users\/6"}],"replies":[{"embeddable":true,"href":"https:\/\/www.isismedical.ee\/en\/wp-json\/wp\/v2\/comments?post=139"}],"version-history":[{"count":5,"href":"https:\/\/www.isismedical.ee\/en\/wp-json\/wp\/v2\/pages\/139\/revisions"}],"predecessor-version":[{"id":4891,"href":"https:\/\/www.isismedical.ee\/en\/wp-json\/wp\/v2\/pages\/139\/revisions\/4891"}],"wp:attachment":[{"href":"https:\/\/www.isismedical.ee\/en\/wp-json\/wp\/v2\/media?parent=139"}],"curies":[{"name":"wp","href":"https:\/\/api.w.org\/{rel}","templated":true}]}}