{"id":145,"date":"2017-02-06T13:54:51","date_gmt":"2017-02-06T11:54:51","guid":{"rendered":"http:\/\/www.isismedical.ee\/?page_id=145"},"modified":"2020-10-27T10:53:21","modified_gmt":"2020-10-27T08:53:21","slug":"perearstid-seadmed","status":"publish","type":"page","link":"https:\/\/www.isismedical.ee\/en\/perearstid-seadmed\/","title":{"rendered":"Equipment for family doctors"},"content":{"rendered":"<div  style='padding-bottom:10px; color:#00da63;font-size:26px;' class='av-special-heading av-special-heading-h1 custom-color-heading blockquote modern-quote  avia-builder-el-0  el_before_av_hr  avia-builder-el-first  av-inherit-size'><h1 class='av-special-heading-tag'  itemprop=\"headline\"  >Other Medical Devices<\/h1><div class='special-heading-border'><div class='special-heading-inner-border' style='border-color:#00da63'><\/div><\/div><\/div>\n<div   class='hr hr-default   avia-builder-el-1  el_after_av_heading  el_before_av_one_third'><span class='hr-inner' ><span class='hr-inner-style'><\/span><\/span><\/div>\n<div class=\"flex_column av_one_third  flex_column_div av-zero-column-padding first  avia-builder-el-2  el_after_av_hr  el_before_av_one_third\" style='border-radius:0px; '><p><div  style='padding-bottom:10px; ' class='av-special-heading av-special-heading-h3  blockquote modern-quote modern-centered  avia-builder-el-3  el_before_av_image  avia-builder-el-first'><h3 class='av-special-heading-tag'  itemprop=\"headline\"  >ECG analyzer<\/h3><div class='special-heading-border'><div class='special-heading-inner-border' ><\/div><\/div><\/div><br \/>\n<div  class='avia-image-container  av-styling-    avia-builder-el-4  el_after_av_heading  el_before_av_button  avia-align-center'  itemprop=\"image\" itemscope=\"itemscope\" itemtype=\"https:\/\/schema.org\/ImageObject\"  ><div class='avia-image-container-inner'><div class='avia-image-overlay-wrap'><a href='https:\/\/www.isismedical.ee\/en\/ekg-analusaator\/' class='avia_image'  ><img decoding=\"async\" width=\"300\" height=\"300\" class='wp-image-931 avia-img-lazy-loading-not-931 avia_image' src=\"https:\/\/www.isismedical.ee\/wp-content\/uploads\/2017\/02\/EKGgrey7ruut.jpg\" alt='' title='EKGgrey7square'  itemprop=\"thumbnailUrl\" srcset=\"https:\/\/www.isismedical.ee\/wp-content\/uploads\/2017\/02\/EKGgrey7ruut.jpg 300w, https:\/\/www.isismedical.ee\/wp-content\/uploads\/2017\/02\/EKGgrey7ruut-80x80.jpg 80w, https:\/\/www.isismedical.ee\/wp-content\/uploads\/2017\/02\/EKGgrey7ruut-36x36.jpg 36w, https:\/\/www.isismedical.ee\/wp-content\/uploads\/2017\/02\/EKGgrey7ruut-180x180.jpg 180w, https:\/\/www.isismedical.ee\/wp-content\/uploads\/2017\/02\/EKGgrey7ruut-120x120.jpg 120w\" sizes=\"(max-width: 300px) 100vw, 300px\" \/><\/a><\/div><\/div><\/div><br \/>\n<div  class='avia-button-wrap avia-button-center  avia-builder-el-5  el_after_av_image  avia-builder-el-last' ><a href='https:\/\/www.isismedical.ee\/en\/ekg-analusaator\/'  class='avia-button  avia-color-theme-color   avia-icon_select-no avia-size-small avia-position-center'   ><span class='avia_iconbox_title' >Find out more<\/span><\/a><\/div><\/p><\/div>\n<div class=\"flex_column av_one_third  flex_column_div av-zero-column-padding   avia-builder-el-6  el_after_av_one_third  el_before_av_one_third\" style='border-radius:0px; '><p><div  style='padding-bottom:10px; ' class='av-special-heading av-special-heading-h3  blockquote modern-quote modern-centered  avia-builder-el-7  el_before_av_image  avia-builder-el-first'><h3 class='av-special-heading-tag'  itemprop=\"headline\"  >ECG holter<\/h3><div class='special-heading-border'><div class='special-heading-inner-border' ><\/div><\/div><\/div><br \/>\n<div  class='avia-image-container  av-styling-    avia-builder-el-8  el_after_av_heading  el_before_av_button  avia-align-center'  itemprop=\"image\" itemscope=\"itemscope\" itemtype=\"https:\/\/schema.org\/ImageObject\"  ><div class='avia-image-container-inner'><div class='avia-image-overlay-wrap'><a href='https:\/\/www.isismedical.ee\/en\/ekg-holter\/' class='avia_image'  ><img decoding=\"async\" width=\"300\" height=\"300\" class='wp-image-695 avia-img-lazy-loading-not-695 avia_image' src=\"https:\/\/www.isismedical.ee\/wp-content\/uploads\/2017\/02\/EKG_holterruut.jpg\" alt='' title='ECG_holter'  itemprop=\"thumbnailUrl\" srcset=\"https:\/\/www.isismedical.ee\/wp-content\/uploads\/2017\/02\/EKG_holterruut.jpg 300w, https:\/\/www.isismedical.ee\/wp-content\/uploads\/2017\/02\/EKG_holterruut-80x80.jpg 80w, https:\/\/www.isismedical.ee\/wp-content\/uploads\/2017\/02\/EKG_holterruut-36x36.jpg 36w, https:\/\/www.isismedical.ee\/wp-content\/uploads\/2017\/02\/EKG_holterruut-180x180.jpg 180w, https:\/\/www.isismedical.ee\/wp-content\/uploads\/2017\/02\/EKG_holterruut-120x120.jpg 120w\" sizes=\"(max-width: 300px) 100vw, 300px\" \/><\/a><\/div><\/div><\/div><br \/>\n<div  class='avia-button-wrap avia-button-center  avia-builder-el-9  el_after_av_image  avia-builder-el-last' ><a href='https:\/\/www.isismedical.ee\/en\/ekg-holter\/'  class='avia-button  avia-color-theme-color   avia-icon_select-no avia-size-small avia-position-center'   ><span class='avia_iconbox_title' >Find out more<\/span><\/a><\/div><\/p><\/div>\n<div class=\"flex_column av_one_third  flex_column_div av-zero-column-padding   avia-builder-el-10  el_after_av_one_third  el_before_av_one_third\" style='border-radius:0px; '><p><div  style='padding-bottom:10px; ' class='av-special-heading av-special-heading-h3  blockquote modern-quote modern-centered  avia-builder-el-11  el_before_av_image  avia-builder-el-first'><h3 class='av-special-heading-tag'  itemprop=\"headline\"  >Blood pressure holter<\/h3><div class='special-heading-border'><div class='special-heading-inner-border' ><\/div><\/div><\/div><br \/>\n<div  class='avia-image-container  av-styling-    avia-builder-el-12  el_after_av_heading  el_before_av_button  avia-align-center'  itemprop=\"image\" itemscope=\"itemscope\" itemtype=\"https:\/\/schema.org\/ImageObject\"  ><div class='avia-image-container-inner'><div class='avia-image-overlay-wrap'><a href='https:\/\/www.isismedical.ee\/en\/vererohu-holter\/' class='avia_image'  ><img decoding=\"async\" width=\"300\" height=\"300\" class='wp-image-923 avia-img-lazy-loading-not-923 avia_image' src=\"https:\/\/www.isismedical.ee\/wp-content\/uploads\/2017\/02\/VRholterruut.jpg\" alt='' title='VRholterruut'  itemprop=\"thumbnailUrl\" srcset=\"https:\/\/www.isismedical.ee\/wp-content\/uploads\/2017\/02\/VRholterruut.jpg 300w, https:\/\/www.isismedical.ee\/wp-content\/uploads\/2017\/02\/VRholterruut-80x80.jpg 80w, https:\/\/www.isismedical.ee\/wp-content\/uploads\/2017\/02\/VRholterruut-36x36.jpg 36w, https:\/\/www.isismedical.ee\/wp-content\/uploads\/2017\/02\/VRholterruut-180x180.jpg 180w, https:\/\/www.isismedical.ee\/wp-content\/uploads\/2017\/02\/VRholterruut-120x120.jpg 120w\" sizes=\"(max-width: 300px) 100vw, 300px\" \/><\/a><\/div><\/div><\/div><br \/>\n<div  class='avia-button-wrap avia-button-center  avia-builder-el-13  el_after_av_image  avia-builder-el-last' ><a href='https:\/\/www.isismedical.ee\/en\/vererohu-holter\/'  class='avia-button  avia-color-theme-color   avia-icon_select-no avia-size-small avia-position-center'   ><span class='avia_iconbox_title' >Find out more<\/span><\/a><\/div><\/p><\/div>\n<div class=\"flex_column av_one_third  flex_column_div av-zero-column-padding first  avia-builder-el-14  el_after_av_one_third  el_before_av_one_third  column-top-margin\" style='border-radius:0px; '><p><div  style='padding-bottom:10px; ' class='av-special-heading av-special-heading-h3  blockquote modern-quote modern-centered  avia-builder-el-15  el_before_av_image  avia-builder-el-first'><h3 class='av-special-heading-tag'  itemprop=\"headline\"  >Urine analyzer<\/h3><div class='special-heading-border'><div class='special-heading-inner-border' ><\/div><\/div><\/div><br \/>\n<div  class='avia-image-container  av-styling-    avia-builder-el-16  el_after_av_heading  el_before_av_button  avia-align-center'  itemprop=\"image\" itemscope=\"itemscope\" itemtype=\"https:\/\/schema.org\/ImageObject\"  ><div class='avia-image-container-inner'><div class='avia-image-overlay-wrap'><a href='https:\/\/www.isismedical.ee\/en\/uriinianalusaator\/' class='avia_image'  ><img decoding=\"async\" width=\"300\" height=\"300\" class='wp-image-924 avia-img-lazy-loading-not-924 avia_image' src=\"https:\/\/www.isismedical.ee\/wp-content\/uploads\/2017\/02\/uriinianalusruut.jpg\" alt='' title='urine base'  itemprop=\"thumbnailUrl\" srcset=\"https:\/\/www.isismedical.ee\/wp-content\/uploads\/2017\/02\/uriinianalusruut.jpg 300w, https:\/\/www.isismedical.ee\/wp-content\/uploads\/2017\/02\/uriinianalusruut-80x80.jpg 80w, https:\/\/www.isismedical.ee\/wp-content\/uploads\/2017\/02\/uriinianalusruut-36x36.jpg 36w, https:\/\/www.isismedical.ee\/wp-content\/uploads\/2017\/02\/uriinianalusruut-180x180.jpg 180w, https:\/\/www.isismedical.ee\/wp-content\/uploads\/2017\/02\/uriinianalusruut-120x120.jpg 120w\" sizes=\"(max-width: 300px) 100vw, 300px\" \/><\/a><\/div><\/div><\/div><br \/>\n<div  class='avia-button-wrap avia-button-center  avia-builder-el-17  el_after_av_image  avia-builder-el-last' ><a href='https:\/\/www.isismedical.ee\/en\/uriinianalusaator\/'  class='avia-button  avia-color-theme-color   avia-icon_select-no avia-size-small avia-position-center'   ><span class='avia_iconbox_title' >Find out more<\/span><\/a><\/div><\/p><\/div><div class=\"flex_column av_one_third  flex_column_div av-zero-column-padding   avia-builder-el-18  el_after_av_one_third  el_before_av_one_third  column-top-margin\" style='border-radius:0px; '><p><div  style='padding-bottom:10px; ' class='av-special-heading av-special-heading-h3  blockquote modern-quote modern-centered  avia-builder-el-19  el_before_av_image  avia-builder-el-first'><h3 class='av-special-heading-tag'  itemprop=\"headline\"  >CRP analyzer<\/h3><div class='special-heading-border'><div class='special-heading-inner-border' ><\/div><\/div><\/div><br \/>\n<div  class='avia-image-container  av-styling-    avia-builder-el-20  el_after_av_heading  el_before_av_button  avia-align-center'  itemprop=\"image\" itemscope=\"itemscope\" itemtype=\"https:\/\/schema.org\/ImageObject\"  ><div class='avia-image-container-inner'><div class='avia-image-overlay-wrap'><a href='https:\/\/www.isismedical.ee\/en\/crp-analusaator\/' class='avia_image'  ><img decoding=\"async\" width=\"300\" height=\"300\" class='wp-image-3650 avia-img-lazy-loading-not-3650 avia_image' src=\"https:\/\/www.isismedical.ee\/wp-content\/uploads\/2017\/02\/CRV2-1.jpg\" alt='' title='CRV2'  itemprop=\"thumbnailUrl\" srcset=\"https:\/\/www.isismedical.ee\/wp-content\/uploads\/2017\/02\/CRV2-1.jpg 300w, https:\/\/www.isismedical.ee\/wp-content\/uploads\/2017\/02\/CRV2-1-80x80.jpg 80w, https:\/\/www.isismedical.ee\/wp-content\/uploads\/2017\/02\/CRV2-1-36x36.jpg 36w, https:\/\/www.isismedical.ee\/wp-content\/uploads\/2017\/02\/CRV2-1-180x180.jpg 180w, https:\/\/www.isismedical.ee\/wp-content\/uploads\/2017\/02\/CRV2-1-120x120.jpg 120w\" sizes=\"(max-width: 300px) 100vw, 300px\" \/><\/a><\/div><\/div><\/div><br \/>\n<div  class='avia-button-wrap avia-button-center  avia-builder-el-21  el_after_av_image  avia-builder-el-last' ><a href='https:\/\/www.isismedical.ee\/en\/crp-analusaator\/'  class='avia-button  avia-color-theme-color   avia-icon_select-no avia-size-small avia-position-center'   ><span class='avia_iconbox_title' >Find out more<\/span><\/a><\/div><\/p><\/div><\/p>\n<div class=\"flex_column av_one_third  flex_column_div av-zero-column-padding   avia-builder-el-22  el_after_av_one_third  el_before_av_one_third  column-top-margin\" style='border-radius:0px; '><p><div  style='padding-bottom:10px; ' class='av-special-heading av-special-heading-h3  blockquote modern-quote modern-centered  avia-builder-el-23  el_before_av_image  avia-builder-el-first'><h3 class='av-special-heading-tag'  itemprop=\"headline\"  >Ear irrigation device<\/h3><div class='special-heading-border'><div class='special-heading-inner-border' ><\/div><\/div><\/div><br \/>\n<div  class='avia-image-container  av-styling-    avia-builder-el-24  el_after_av_heading  el_before_av_button  avia-align-center'  itemprop=\"image\" itemscope=\"itemscope\" itemtype=\"https:\/\/schema.org\/ImageObject\"  ><div class='avia-image-container-inner'><div class='avia-image-overlay-wrap'><a href='https:\/\/www.isismedical.ee\/en\/korvaloputusseade\/' class='avia_image'  ><img decoding=\"async\" width=\"300\" height=\"300\" class='wp-image-3649 avia-img-lazy-loading-not-3649 avia_image' src=\"https:\/\/www.isismedical.ee\/wp-content\/uploads\/2017\/02\/korvaloputus-1.jpg\" alt='' title='ear irrigation'  itemprop=\"thumbnailUrl\" srcset=\"https:\/\/www.isismedical.ee\/wp-content\/uploads\/2017\/02\/korvaloputus-1.jpg 300w, https:\/\/www.isismedical.ee\/wp-content\/uploads\/2017\/02\/korvaloputus-1-80x80.jpg 80w, https:\/\/www.isismedical.ee\/wp-content\/uploads\/2017\/02\/korvaloputus-1-36x36.jpg 36w, https:\/\/www.isismedical.ee\/wp-content\/uploads\/2017\/02\/korvaloputus-1-180x180.jpg 180w, https:\/\/www.isismedical.ee\/wp-content\/uploads\/2017\/02\/korvaloputus-1-120x120.jpg 120w\" sizes=\"(max-width: 300px) 100vw, 300px\" \/><\/a><\/div><\/div><\/div><br \/>\n<div  class='avia-button-wrap avia-button-center  avia-builder-el-25  el_after_av_image  avia-builder-el-last' ><a href='https:\/\/www.isismedical.ee\/en\/korvaloputusseade\/'  class='avia-button  avia-color-theme-color   avia-icon_select-no avia-size-small avia-position-center'   ><span class='avia_iconbox_title' >Find out more<\/span><\/a><\/div><\/p><\/div>\n<div class=\"flex_column av_one_third  flex_column_div av-zero-column-padding first  avia-builder-el-26  el_after_av_one_third  avia-builder-el-last  column-top-margin\" style='border-radius:0px; '><p><div  style='padding-bottom:10px; ' class='av-special-heading av-special-heading-h3  blockquote modern-quote modern-centered  avia-builder-el-27  el_before_av_image  avia-builder-el-first'><h3 class='av-special-heading-tag'  itemprop=\"headline\"  >Pulse oximeter<\/h3><div class='special-heading-border'><div class='special-heading-inner-border' ><\/div><\/div><\/div><br \/>\n<div  class='avia-image-container  av-styling-    avia-builder-el-28  el_after_av_heading  el_before_av_button  avia-align-center'  itemprop=\"image\" itemscope=\"itemscope\" itemtype=\"https:\/\/schema.org\/ImageObject\"  ><div class='avia-image-container-inner'><div class='avia-image-overlay-wrap'><a href='https:\/\/www.isismedical.ee\/en\/pulssoksumeeter\/' class='avia_image'  ><img decoding=\"async\" width=\"300\" height=\"300\" class='wp-image-4398 avia-img-lazy-loading-not-4398 avia_image' src=\"https:\/\/www.isismedical.ee\/wp-content\/uploads\/2020\/10\/Pulssoksumeeter-300x300.jpg\" alt='' title='Pulse oximeter'  itemprop=\"thumbnailUrl\" srcset=\"https:\/\/www.isismedical.ee\/wp-content\/uploads\/2020\/10\/Pulssoksumeeter.jpg 300w, https:\/\/www.isismedical.ee\/wp-content\/uploads\/2020\/10\/Pulssoksumeeter-80x80.jpg 80w, https:\/\/www.isismedical.ee\/wp-content\/uploads\/2020\/10\/Pulssoksumeeter-36x36.jpg 36w, https:\/\/www.isismedical.ee\/wp-content\/uploads\/2020\/10\/Pulssoksumeeter-180x180.jpg 180w, https:\/\/www.isismedical.ee\/wp-content\/uploads\/2020\/10\/Pulssoksumeeter-120x120.jpg 120w\" sizes=\"(max-width: 300px) 100vw, 300px\" \/><\/a><\/div><\/div><\/div><br \/>\n<div  class='avia-button-wrap avia-button-center  avia-builder-el-29  el_after_av_image  avia-builder-el-last' ><a href='https:\/\/www.isismedical.ee\/en\/pulssoksumeeter\/'  class='avia-button  avia-color-theme-color   avia-icon_select-no avia-size-small avia-position-center'   ><span class='avia_iconbox_title' >Find out more<\/span><\/a><\/div><\/p><\/div>","protected":false},"excerpt":{"rendered":"","protected":false},"author":6,"featured_media":0,"parent":0,"menu_order":0,"comment_status":"closed","ping_status":"closed","template":"","meta":{"_monsterinsights_skip_tracking":false,"_monsterinsights_sitenote_active":false,"_monsterinsights_sitenote_note":"","_monsterinsights_sitenote_category":0,"footnotes":""},"class_list":["post-145","page","type-page","status-publish","hentry"],"yoast_head":"<!-- This site is optimized with the Yoast SEO plugin v25.3.1 - https:\/\/yoast.com\/wordpress\/plugins\/seo\/ -->\n<title>Lai valik meditsiiniseadmeid laboritele ja perearstidele - Isis Medical<\/title>\n<meta name=\"description\" content=\"Meditsiiniseadmed laboritele ja perearstidele. EKG, EKG holter, verer\u00f5hu holter, uriinianal\u00fcsaator, CRP, k\u00f5rvaloputusseade, INR\" \/>\n<meta name=\"robots\" content=\"index, follow, max-snippet:-1, max-image-preview:large, max-video-preview:-1\" \/>\n<link rel=\"canonical\" href=\"https:\/\/www.isismedical.ee\/en\/perearstid-seadmed\/\" \/>\n<meta property=\"og:locale\" content=\"en_GB\" \/>\n<meta property=\"og:type\" content=\"article\" \/>\n<meta property=\"og:title\" content=\"Lai valik meditsiiniseadmeid laboritele ja perearstidele - Isis Medical\" \/>\n<meta property=\"og:description\" content=\"Meditsiiniseadmed laboritele ja perearstidele. EKG, EKG holter, verer\u00f5hu holter, uriinianal\u00fcsaator, CRP, k\u00f5rvaloputusseade, INR\" \/>\n<meta property=\"og:url\" content=\"https:\/\/www.isismedical.ee\/en\/perearstid-seadmed\/\" \/>\n<meta property=\"og:site_name\" content=\"ISIS Medical\" \/>\n<meta property=\"article:modified_time\" content=\"2020-10-27T08:53:21+00:00\" \/>\n<meta name=\"twitter:card\" content=\"summary_large_image\" \/>\n<meta name=\"twitter:label1\" content=\"Est. reading time\" \/>\n\t<meta name=\"twitter:data1\" content=\"6 minutes\" \/>\n<script type=\"application\/ld+json\" class=\"yoast-schema-graph\">{\"@context\":\"https:\/\/schema.org\",\"@graph\":[{\"@type\":\"WebPage\",\"@id\":\"https:\/\/www.isismedical.ee\/perearstid-seadmed\/\",\"url\":\"https:\/\/www.isismedical.ee\/perearstid-seadmed\/\",\"name\":\"Lai valik meditsiiniseadmeid laboritele ja perearstidele - Isis Medical\",\"isPartOf\":{\"@id\":\"https:\/\/www.isismedical.ee\/#website\"},\"datePublished\":\"2017-02-06T11:54:51+00:00\",\"dateModified\":\"2020-10-27T08:53:21+00:00\",\"description\":\"Meditsiiniseadmed laboritele ja perearstidele. EKG, EKG holter, verer\u00f5hu holter, uriinianal\u00fcsaator, CRP, k\u00f5rvaloputusseade, INR\",\"breadcrumb\":{\"@id\":\"https:\/\/www.isismedical.ee\/perearstid-seadmed\/#breadcrumb\"},\"inLanguage\":\"en-GB\",\"potentialAction\":[{\"@type\":\"ReadAction\",\"target\":[\"https:\/\/www.isismedical.ee\/perearstid-seadmed\/\"]}]},{\"@type\":\"BreadcrumbList\",\"@id\":\"https:\/\/www.isismedical.ee\/perearstid-seadmed\/#breadcrumb\",\"itemListElement\":[{\"@type\":\"ListItem\",\"position\":1,\"name\":\"Home\",\"item\":\"https:\/\/www.isismedical.ee\/\"},{\"@type\":\"ListItem\",\"position\":2,\"name\":\"Seadmed perearstidele\"}]},{\"@type\":\"WebSite\",\"@id\":\"https:\/\/www.isismedical.ee\/#website\",\"url\":\"https:\/\/www.isismedical.ee\/\",\"name\":\"ISIS Medical\",\"description\":\"ISIS Medical\",\"potentialAction\":[{\"@type\":\"SearchAction\",\"target\":{\"@type\":\"EntryPoint\",\"urlTemplate\":\"https:\/\/www.isismedical.ee\/?s={search_term_string}\"},\"query-input\":{\"@type\":\"PropertyValueSpecification\",\"valueRequired\":true,\"valueName\":\"search_term_string\"}}],\"inLanguage\":\"en-GB\"}]}<\/script>\n<!-- \/ Yoast SEO plugin. -->","yoast_head_json":{"title":"Lai valik meditsiiniseadmeid laboritele ja perearstidele - Isis Medical","description":"Meditsiiniseadmed laboritele ja perearstidele. EKG, EKG holter, verer\u00f5hu holter, uriinianal\u00fcsaator, CRP, k\u00f5rvaloputusseade, INR","robots":{"index":"index","follow":"follow","max-snippet":"max-snippet:-1","max-image-preview":"max-image-preview:large","max-video-preview":"max-video-preview:-1"},"canonical":"https:\/\/www.isismedical.ee\/en\/perearstid-seadmed\/","og_locale":"en_GB","og_type":"article","og_title":"Lai valik meditsiiniseadmeid laboritele ja perearstidele - Isis Medical","og_description":"Meditsiiniseadmed laboritele ja perearstidele. EKG, EKG holter, verer\u00f5hu holter, uriinianal\u00fcsaator, CRP, k\u00f5rvaloputusseade, INR","og_url":"https:\/\/www.isismedical.ee\/en\/perearstid-seadmed\/","og_site_name":"ISIS Medical","article_modified_time":"2020-10-27T08:53:21+00:00","twitter_card":"summary_large_image","twitter_misc":{"Est. reading time":"6 minutes"},"schema":{"@context":"https:\/\/schema.org","@graph":[{"@type":"WebPage","@id":"https:\/\/www.isismedical.ee\/perearstid-seadmed\/","url":"https:\/\/www.isismedical.ee\/perearstid-seadmed\/","name":"Lai valik meditsiiniseadmeid laboritele ja perearstidele - Isis Medical","isPartOf":{"@id":"https:\/\/www.isismedical.ee\/#website"},"datePublished":"2017-02-06T11:54:51+00:00","dateModified":"2020-10-27T08:53:21+00:00","description":"Meditsiiniseadmed laboritele ja perearstidele. EKG, EKG holter, verer\u00f5hu holter, uriinianal\u00fcsaator, CRP, k\u00f5rvaloputusseade, INR","breadcrumb":{"@id":"https:\/\/www.isismedical.ee\/perearstid-seadmed\/#breadcrumb"},"inLanguage":"en-GB","potentialAction":[{"@type":"ReadAction","target":["https:\/\/www.isismedical.ee\/perearstid-seadmed\/"]}]},{"@type":"BreadcrumbList","@id":"https:\/\/www.isismedical.ee\/perearstid-seadmed\/#breadcrumb","itemListElement":[{"@type":"ListItem","position":1,"name":"Home","item":"https:\/\/www.isismedical.ee\/"},{"@type":"ListItem","position":2,"name":"Seadmed perearstidele"}]},{"@type":"WebSite","@id":"https:\/\/www.isismedical.ee\/#website","url":"https:\/\/www.isismedical.ee\/","name":"ISIS Medical","description":"ISIS Medical","potentialAction":[{"@type":"SearchAction","target":{"@type":"EntryPoint","urlTemplate":"https:\/\/www.isismedical.ee\/?s={search_term_string}"},"query-input":{"@type":"PropertyValueSpecification","valueRequired":true,"valueName":"search_term_string"}}],"inLanguage":"en-GB"}]}},"_links":{"self":[{"href":"https:\/\/www.isismedical.ee\/en\/wp-json\/wp\/v2\/pages\/145","targetHints":{"allow":["GET"]}}],"collection":[{"href":"https:\/\/www.isismedical.ee\/en\/wp-json\/wp\/v2\/pages"}],"about":[{"href":"https:\/\/www.isismedical.ee\/en\/wp-json\/wp\/v2\/types\/page"}],"author":[{"embeddable":true,"href":"https:\/\/www.isismedical.ee\/en\/wp-json\/wp\/v2\/users\/6"}],"replies":[{"embeddable":true,"href":"https:\/\/www.isismedical.ee\/en\/wp-json\/wp\/v2\/comments?post=145"}],"version-history":[{"count":5,"href":"https:\/\/www.isismedical.ee\/en\/wp-json\/wp\/v2\/pages\/145\/revisions"}],"predecessor-version":[{"id":4397,"href":"https:\/\/www.isismedical.ee\/en\/wp-json\/wp\/v2\/pages\/145\/revisions\/4397"}],"wp:attachment":[{"href":"https:\/\/www.isismedical.ee\/en\/wp-json\/wp\/v2\/media?parent=145"}],"curies":[{"name":"wp","href":"https:\/\/api.w.org\/{rel}","templated":true}]}}