{"id":298,"date":"2017-02-07T12:41:10","date_gmt":"2017-02-07T10:41:10","guid":{"rendered":"http:\/\/www.isismedical.ee\/?page_id=298"},"modified":"2019-04-16T10:05:51","modified_gmt":"2019-04-16T07:05:51","slug":"ekg-holter","status":"publish","type":"page","link":"https:\/\/www.isismedical.ee\/en\/ekg-holter\/","title":{"rendered":"ECG holter"},"content":{"rendered":"<div  style='padding-bottom:10px; color:#00da63;font-size:26px;' class='av-special-heading av-special-heading-h1 custom-color-heading blockquote modern-quote  avia-builder-el-0  el_before_av_hr  avia-builder-el-first  av-inherit-size'><h1 class='av-special-heading-tag'  itemprop=\"headline\"  >Other medical devices<\/h1><div class='special-heading-border'><div class='special-heading-inner-border' style='border-color:#00da63'><\/div><\/div><\/div>\n<div   class='hr hr-default   avia-builder-el-1  el_after_av_heading  el_before_av_one_half'><span class='hr-inner' ><span class='hr-inner-style'><\/span><\/span><\/div>\n<div class=\"flex_column av_one_half  flex_column_div av-zero-column-padding first  avia-builder-el-2  el_after_av_hr  el_before_av_one_half\" style='border-radius:0px; '><div  style='padding-bottom:10px; font-size:26px;' class='av-special-heading av-special-heading-h1  blockquote modern-quote  avia-builder-el-3  avia-builder-el-no-sibling  av-inherit-size'><h1 class='av-special-heading-tag'  itemprop=\"headline\"  >Aspen<\/h1><div class='special-heading-border'><div class='special-heading-inner-border' ><\/div><\/div><\/div><\/div>\n<div class=\"flex_column av_one_half  flex_column_div av-zero-column-padding   avia-builder-el-4  el_after_av_one_half  el_before_av_one_half\" style='border-radius:0px; '><div  class='avia-image-container  av-styling-    avia-builder-el-5  avia-builder-el-no-sibling  avia-align-right'  itemprop=\"image\" itemscope=\"itemscope\" itemtype=\"https:\/\/schema.org\/ImageObject\"  ><div class='avia-image-container-inner'><div class='avia-image-overlay-wrap'><img decoding=\"async\" class='wp-image-1993 avia-img-lazy-loading-not-1993 avia_image' src=\"https:\/\/www.isismedical.ee\/wp-content\/uploads\/2017\/02\/Aspel-1.jpg\" alt='' title='Aspen' height=\"74\" width=\"139\"  itemprop=\"thumbnailUrl\"  \/><\/div><\/div><\/div><\/div>\n<div class=\"flex_column av_one_half  flex_column_div av-zero-column-padding first  avia-builder-el-6  el_after_av_one_half  el_before_av_one_half  column-top-margin\" style='border-radius:0px; '><p><div  style='padding-bottom:10px; color:#00da63;font-size:24px;' class='av-special-heading av-special-heading-h2 custom-color-heading blockquote modern-quote  avia-builder-el-7  el_before_av_textblock  avia-builder-el-first  av-inherit-size'><h2 class='av-special-heading-tag'  itemprop=\"headline\"  >ECG holter<\/h2><div class='special-heading-border'><div class='special-heading-inner-border' style='border-color:#00da63'><\/div><\/div><\/div><br \/>\n<section class=\"av_textblock_section\"  itemscope=\"itemscope\" itemtype=\"https:\/\/schema.org\/CreativeWork\" ><div class='avia_textblock'   itemprop=\"text\" ><p><strong>HolCARD W24 Alfa System 812<\/strong><strong> v.081<\/strong><\/p>\n<ul>\n<li>12-channel digital ECG signal recording<\/li>\n<li>10-conductor research cable<\/li>\n<li>Recording length 24 or 48 hours<\/li>\n<li>Graphic LCD display<\/li>\n<li>Pacemaker detection<\/li>\n<li>Sending ECG wirelessly<\/li>\n<li>Provides three independent channel recording<\/li>\n<li>Recording to a Compact Flash memory card<\/li>\n<li>Holter-computer communication via AsLINK or infrared interface<\/li>\n<li>Independent analysis of ST segment in all recorded channels<\/li>\n<li>Arrhythmia detection simultaneously in all channels<\/li>\n<li>Automatic signal calibration<\/li>\n<li>Detection, analysis and interpretation of many heart problems<\/li>\n<li>Heartbeat Classification Tool<\/li>\n<li>Provides a summary every hour with a quantitative result<\/li>\n<li>Printout of all ECG data<\/li>\n<li>Dimensions: 130x96x30 mm<\/li>\n<\/ul>\n<\/div><\/section><\/p><\/div>\n<div class=\"flex_column av_one_half  flex_column_div av-zero-column-padding   avia-builder-el-9  el_after_av_one_half  el_before_av_hr  column-top-margin\" style='border-radius:0px; '><p><section class=\"av_textblock_section\"  itemscope=\"itemscope\" itemtype=\"https:\/\/schema.org\/CreativeWork\" ><div class='avia_textblock'   itemprop=\"text\" ><div  style='height:30px' class='hr hr-invisible   avia-builder-el-11  avia-builder-el-no-sibling'><span class='hr-inner' ><span class='hr-inner-style'><\/span><\/span><\/div>\n<\/div><\/section><br \/>\n<div  class='avia-image-container  av-styling-    avia-builder-el-12  el_after_av_textblock  el_before_av_image  avia-align-right'  itemprop=\"image\" itemscope=\"itemscope\" itemtype=\"https:\/\/schema.org\/ImageObject\"  ><div class='avia-image-container-inner'><div class='avia-image-overlay-wrap'><img decoding=\"async\" class='wp-image-1997 avia-img-lazy-loading-not-1997 avia_image' src=\"https:\/\/www.isismedical.ee\/wp-content\/uploads\/2017\/02\/EKGholter-300x200.jpg\" alt='' title='ECG Holter' height=\"200\" width=\"300\"  itemprop=\"thumbnailUrl\" srcset=\"https:\/\/www.isismedical.ee\/wp-content\/uploads\/2017\/02\/EKGholter-300x200.jpg 300w, https:\/\/www.isismedical.ee\/wp-content\/uploads\/2017\/02\/EKGholter.jpg 400w\" sizes=\"(max-width: 300px) 100vw, 300px\" \/><\/div><\/div><\/div><br \/>\n<div  class='avia-image-container  av-styling-    avia-builder-el-13  el_after_av_image  avia-builder-el-last  avia-align-right'  itemprop=\"image\" itemscope=\"itemscope\" itemtype=\"https:\/\/schema.org\/ImageObject\"  ><div class='avia-image-container-inner'><div class='avia-image-overlay-wrap'><img decoding=\"async\" class='wp-image-2315 avia-img-lazy-loading-not-2315 avia_image' src=\"https:\/\/www.isismedical.ee\/wp-content\/uploads\/2017\/02\/EKGholter2-277x300.jpg\" alt='' title='ECG holter2' height=\"300\" width=\"277\"  itemprop=\"thumbnailUrl\" srcset=\"https:\/\/www.isismedical.ee\/wp-content\/uploads\/2017\/02\/EKGholter2-277x300.jpg 277w, https:\/\/www.isismedical.ee\/wp-content\/uploads\/2017\/02\/EKGholter2.jpg 300w\" sizes=\"(max-width: 277px) 100vw, 277px\" \/><\/div><\/div><\/div><\/p><\/div>\n<div   class='hr hr-default   avia-builder-el-14  el_after_av_one_half  el_before_av_textblock'><span class='hr-inner' ><span class='hr-inner-style'><\/span><\/span><\/div>\n<section class=\"av_textblock_section\"  itemscope=\"itemscope\" itemtype=\"https:\/\/schema.org\/CreativeWork\" ><div class='avia_textblock'   itemprop=\"text\" ><p><span style=\"font-size: 14pt;\"><strong>Ask for more information!<\/strong><\/span><\/p>\n<\/div><\/section>\n<section class=\"av_textblock_section\"  itemscope=\"itemscope\" itemtype=\"https:\/\/schema.org\/CreativeWork\" ><div class='avia_textblock'   itemprop=\"text\" ><script type=\"text\/javascript\">\n\/* <![CDATA[ *\/\nvar gform;gform||(document.addEventListener(\"gform_main_scripts_loaded\",function(){gform.scriptsLoaded=!0}),document.addEventListener(\"gform\/theme\/scripts_loaded\",function(){gform.themeScriptsLoaded=!0}),window.addEventListener(\"DOMContentLoaded\",function(){gform.domLoaded=!0}),gform={domLoaded:!1,scriptsLoaded:!1,themeScriptsLoaded:!1,isFormEditor:()=>\"function\"==typeof InitializeEditor,callIfLoaded:function(o){return!(!gform.domLoaded||!gform.scriptsLoaded||!gform.themeScriptsLoaded&&!gform.isFormEditor()||(gform.isFormEditor()&&console.warn(\"The use of gform.initializeOnLoaded() is deprecated in the form editor context and will be removed in Gravity Forms 3.1.\"),o(),0))},initializeOnLoaded:function(o){gform.callIfLoaded(o)||(document.addEventListener(\"gform_main_scripts_loaded\",()=>{gform.scriptsLoaded=!0,gform.callIfLoaded(o)}),document.addEventListener(\"gform\/theme\/scripts_loaded\",()=>{gform.themeScriptsLoaded=!0,gform.callIfLoaded(o)}),window.addEventListener(\"DOMContentLoaded\",()=>{gform.domLoaded=!0,gform.callIfLoaded(o)}))},hooks:{action:{},filter:{}},addAction:function(o,r,e,t){gform.addHook(\"action\",o,r,e,t)},addFilter:function(o,r,e,t){gform.addHook(\"filter\",o,r,e,t)},doAction:function(o){gform.doHook(\"action\",o,arguments)},applyFilters:function(o){return gform.doHook(\"filter\",o,arguments)},removeAction:function(o,r){gform.removeHook(\"action\",o,r)},removeFilter:function(o,r,e){gform.removeHook(\"filter\",o,r,e)},addHook:function(o,r,e,t,n){null==gform.hooks[o][r]&&(gform.hooks[o][r]=[]);var d=gform.hooks[o][r];null==n&&(n=r+\"_\"+d.length),gform.hooks[o][r].push({tag:n,callable:e,priority:t=null==t?10:t})},doHook:function(r,o,e){var t;if(e=Array.prototype.slice.call(e,1),null!=gform.hooks[r][o]&&((o=gform.hooks[r][o]).sort(function(o,r){return o.priority-r.priority}),o.forEach(function(o){\"function\"!=typeof(t=o.callable)&&(t=window[t]),\"action\"==r?t.apply(null,e):e[0]=t.apply(null,e)})),\"filter\"==r)return e[0]},removeHook:function(o,r,t,n){var e;null!=gform.hooks[o][r]&&(e=(e=gform.hooks[o][r]).filter(function(o,r,e){return!!(null!=n&&n!=o.tag||null!=t&&t!=o.priority)}),gform.hooks[o][r]=e)}});\n\/* ]]> *\/\n<\/script>\n\n                <div class='gf_browser_gecko gform_wrapper gform_legacy_markup_wrapper gform-theme--no-framework' data-form-theme='legacy' data-form-index='0' id='gform_wrapper_3' >\n                        <div class='gform_heading'>\n                            <h3 class=\"gform_title\">Raul K\u00f5vask, Product Manager<\/h3>\n                            <p class='gform_description'>Phone: +372 53097231<\/p>\n                        <\/div><form method='post' enctype='multipart\/form-data'  id='gform_3'  action='\/en\/wp-json\/wp\/v2\/pages\/298' data-formid='3' novalidate data-trp-original-action=\"\/en\/wp-json\/wp\/v2\/pages\/298\">\n                        <div class='gform-body gform_body'><ul id='gform_fields_3' class='gform_fields top_label form_sublabel_below description_below validation_below'><li id=\"field_3_1\" class=\"gfield gfield--type-text gfield_contains_required field_sublabel_below gfield--no-description field_description_below field_validation_below gfield_visibility_visible\"  ><label class='gfield_label gform-field-label' for='input_3_1'>Name<span class=\"gfield_required\"><span class=\"gfield_required gfield_required_asterisk\">*<\/span><\/span><\/label><div class='ginput_container ginput_container_text'><input name='input_1' id='input_3_1' type='text' value='' class='medium'     aria-required=\"true\" aria-invalid=\"false\"   \/><\/div><\/li><li id=\"field_3_2\" class=\"gfield gfield--type-email gfield_contains_required field_sublabel_below gfield--no-description field_description_below field_validation_below gfield_visibility_visible\"  ><label class='gfield_label gform-field-label' for='input_3_2'>Email<span class=\"gfield_required\"><span class=\"gfield_required gfield_required_asterisk\">*<\/span><\/span><\/label><div class='ginput_container ginput_container_email'>\n                            <input name='input_2' id='input_3_2' type='email' value='' class='medium'    aria-required=\"true\" aria-invalid=\"false\"  \/>\n                        <\/div><\/li><li id=\"field_3_4\" class=\"gfield gfield--type-textarea field_sublabel_below gfield--no-description field_description_below field_validation_below gfield_visibility_visible\"  ><label class='gfield_label gform-field-label' for='input_3_4'>Message<\/label><div class='ginput_container ginput_container_textarea'><textarea name='input_4' id='input_3_4' class='textarea medium'      aria-invalid=\"false\"   rows='10' cols='50'><\/textarea><\/div><\/li><li id=\"field_3_5\" class=\"gfield gfield--type-captcha field_sublabel_below gfield--no-description field_description_below field_validation_below gfield_visibility_visible\"  ><label class='gfield_label gform-field-label' for='input_3_5'>CAPTCHA<\/label><div id='input_3_5' class='ginput_container ginput_recaptcha' data-sitekey='6Lc6PV0UAAAAAD5DeSNP_quEh6eMaXE6nNb9Fbj5'  data-theme='light' data-tabindex='0'  data-badge=''><\/div><\/li><\/ul><\/div>\n        <div class='gform-footer gform_footer top_label'> <input type='submit' id='gform_submit_button_3' class='gform_button button' onclick='gform.submission.handleButtonClick(this);' data-submission-type='submit' value='Send a letter'  \/> \n            <input type='hidden' class='gform_hidden' name='gform_submission_method' data-js='gform_submission_method_3' value='postback' \/>\n            <input type='hidden' class='gform_hidden' name='gform_theme' data-js='gform_theme_3' id='gform_theme_3' value='legacy' \/>\n            <input type='hidden' class='gform_hidden' name='gform_style_settings' data-js='gform_style_settings_3' id='gform_style_settings_3' value='[]' \/>\n            <input type='hidden' class='gform_hidden' name='is_submit_3' value='1' \/>\n            <input type='hidden' class='gform_hidden' name='gform_submit' value='3' \/>\n            \n            <input type='hidden' class='gform_hidden' name='gform_unique_id' value='' \/>\n            <input type='hidden' class='gform_hidden' name='state_3' value='WyJbXSIsImUwY2U4MmU5MDlkZDJkMWFkNzNjZDJlZjlkZDIxMmNiIl0=' \/>\n            <input type='hidden' autocomplete='off' class='gform_hidden' name='gform_target_page_number_3' id='gform_target_page_number_3' value='0' \/>\n            <input type='hidden' autocomplete='off' class='gform_hidden' name='gform_source_page_number_3' id='gform_source_page_number_3' value='1' \/>\n            <input type='hidden' name='gform_field_values' value='' \/>\n            \n        <\/div>\n                        <input type=\"hidden\" name=\"trp-form-language\" value=\"en\"\/><\/form>\n                        <\/div><script type=\"text\/javascript\">\n\/* <![CDATA[ *\/\n gform.initializeOnLoaded( function() {gformInitSpinner( 3, 'https:\/\/www.isismedical.ee\/wp-content\/plugins\/gravityforms\/images\/spinner.svg', true );jQuery('#gform_ajax_frame_3').on('load',function(){var contents = jQuery(this).contents().find('*').html();var is_postback = contents.indexOf('GF_AJAX_POSTBACK') >= 0;if(!is_postback){return;}var form_content = jQuery(this).contents().find('#gform_wrapper_3');var is_confirmation = jQuery(this).contents().find('#gform_confirmation_wrapper_3').length > 0;var is_redirect = contents.indexOf('gformRedirect(){') >= 0;var is_form = form_content.length > 0 && ! is_redirect && ! is_confirmation;var mt = parseInt(jQuery('html').css('margin-top'), 10) + parseInt(jQuery('body').css('margin-top'), 10) + 100;if(is_form){jQuery('#gform_wrapper_3').html(form_content.html());if(form_content.hasClass('gform_validation_error')){jQuery('#gform_wrapper_3').addClass('gform_validation_error');} else {jQuery('#gform_wrapper_3').removeClass('gform_validation_error');}setTimeout( function() { \/* delay the scroll by 50 milliseconds to fix a bug in chrome *\/  }, 50 );if(window['gformInitDatepicker']) {gformInitDatepicker();}if(window['gformInitPriceFields']) {gformInitPriceFields();}var current_page = jQuery('#gform_source_page_number_3').val();gformInitSpinner( 3, 'https:\/\/www.isismedical.ee\/wp-content\/plugins\/gravityforms\/images\/spinner.svg', true );jQuery(document).trigger('gform_page_loaded', [3, current_page]);window['gf_submitting_3'] = false;}else if(!is_redirect){var confirmation_content = jQuery(this).contents().find('.GF_AJAX_POSTBACK').html();if(!confirmation_content){confirmation_content = contents;}jQuery('#gform_wrapper_3').replaceWith(confirmation_content);jQuery(document).trigger('gform_confirmation_loaded', [3]);window['gf_submitting_3'] = false;wp.a11y.speak(jQuery('#gform_confirmation_message_3').text());}else{jQuery('#gform_3').append(contents);if(window['gformRedirect']) {gformRedirect();}}jQuery(document).trigger(\"gform_pre_post_render\", [{ formId: \"3\", currentPage: \"current_page\", abort: function() { this.preventDefault(); } }]);        if (event && event.defaultPrevented) {                return;        }        const gformWrapperDiv = document.getElementById( \"gform_wrapper_3\" );        if ( gformWrapperDiv ) {            const visibilitySpan = document.createElement( \"span\" );            visibilitySpan.id = \"gform_visibility_test_3\";            gformWrapperDiv.insertAdjacentElement( \"afterend\", visibilitySpan );        }        const visibilityTestDiv = document.getElementById( \"gform_visibility_test_3\" );        let postRenderFired = false;        function triggerPostRender() {            if ( postRenderFired ) {                return;            }            postRenderFired = true;            gform.core.triggerPostRenderEvents( 3, current_page );            if ( visibilityTestDiv ) {                visibilityTestDiv.parentNode.removeChild( visibilityTestDiv );            }        }        function debounce( func, wait, immediate ) {            var timeout;            return function() {                var context = this, args = arguments;                var later = function() {                    timeout = null;                    if ( !immediate ) func.apply( context, args );                };                var callNow = immediate && !timeout;                clearTimeout( timeout );                timeout = setTimeout( later, wait );                if ( callNow ) func.apply( context, args );            };        }        const debouncedTriggerPostRender = debounce( function() {            triggerPostRender();        }, 200 );        if ( visibilityTestDiv && visibilityTestDiv.offsetParent === null ) {            const observer = new MutationObserver( ( mutations ) => {                mutations.forEach( ( mutation ) => {                    if ( mutation.type === 'attributes' && visibilityTestDiv.offsetParent !== null ) {                        debouncedTriggerPostRender();                        observer.disconnect();                    }                });            });            observer.observe( document.body, {                attributes: true,                childList: false,                subtree: true,                attributeFilter: [ 'style', 'class' ],            });        } else {            triggerPostRender();        }    } );} ); \n\/* ]]> *\/\n<\/script>\n\n<\/div><\/section>","protected":false},"excerpt":{"rendered":"","protected":false},"author":6,"featured_media":0,"parent":0,"menu_order":0,"comment_status":"closed","ping_status":"closed","template":"","meta":{"_monsterinsights_skip_tracking":false,"_monsterinsights_sitenote_active":false,"_monsterinsights_sitenote_note":"","_monsterinsights_sitenote_category":0,"footnotes":""},"class_list":["post-298","page","type-page","status-publish","hentry"],"yoast_head":"<!-- This site is optimized with the Yoast SEO plugin v25.3.1 - https:\/\/yoast.com\/wordpress\/plugins\/seo\/ -->\n<title>Aspel, 12-kanaliga EKG holter HolCARD W24 - Isis Medical<\/title>\n<meta name=\"description\" content=\"Aspel, HolCARD W24 Alfa System 812 v.081 EKG holter,12-kanaliga.Paljude s\u00fcdameprobleemide avastamine ja anal\u00fc\u00fcs ning interpreteerimine\" \/>\n<meta name=\"robots\" content=\"index, follow, max-snippet:-1, max-image-preview:large, max-video-preview:-1\" \/>\n<link rel=\"canonical\" href=\"https:\/\/www.isismedical.ee\/en\/ekg-holter\/\" \/>\n<meta property=\"og:locale\" content=\"en_GB\" \/>\n<meta property=\"og:type\" content=\"article\" \/>\n<meta property=\"og:title\" content=\"Aspel, 12-kanaliga EKG holter HolCARD W24 - Isis Medical\" \/>\n<meta property=\"og:description\" content=\"Aspel, HolCARD W24 Alfa System 812 v.081 EKG holter,12-kanaliga.Paljude s\u00fcdameprobleemide avastamine ja anal\u00fc\u00fcs ning interpreteerimine\" \/>\n<meta property=\"og:url\" content=\"https:\/\/www.isismedical.ee\/en\/ekg-holter\/\" \/>\n<meta property=\"og:site_name\" content=\"ISIS Medical\" \/>\n<meta property=\"article:modified_time\" content=\"2019-04-16T07:05:51+00:00\" \/>\n<meta name=\"twitter:card\" content=\"summary_large_image\" \/>\n<meta name=\"twitter:label1\" content=\"Est. reading time\" \/>\n\t<meta name=\"twitter:data1\" content=\"4 minutes\" \/>\n<script type=\"application\/ld+json\" class=\"yoast-schema-graph\">{\"@context\":\"https:\/\/schema.org\",\"@graph\":[{\"@type\":\"WebPage\",\"@id\":\"https:\/\/www.isismedical.ee\/ekg-holter\/\",\"url\":\"https:\/\/www.isismedical.ee\/ekg-holter\/\",\"name\":\"Aspel, 12-kanaliga EKG holter HolCARD W24 - Isis Medical\",\"isPartOf\":{\"@id\":\"https:\/\/www.isismedical.ee\/#website\"},\"datePublished\":\"2017-02-07T10:41:10+00:00\",\"dateModified\":\"2019-04-16T07:05:51+00:00\",\"description\":\"Aspel, HolCARD W24 Alfa System 812 v.081 EKG holter,12-kanaliga.Paljude s\u00fcdameprobleemide avastamine ja anal\u00fc\u00fcs ning interpreteerimine\",\"breadcrumb\":{\"@id\":\"https:\/\/www.isismedical.ee\/ekg-holter\/#breadcrumb\"},\"inLanguage\":\"en-GB\",\"potentialAction\":[{\"@type\":\"ReadAction\",\"target\":[\"https:\/\/www.isismedical.ee\/ekg-holter\/\"]}]},{\"@type\":\"BreadcrumbList\",\"@id\":\"https:\/\/www.isismedical.ee\/ekg-holter\/#breadcrumb\",\"itemListElement\":[{\"@type\":\"ListItem\",\"position\":1,\"name\":\"Home\",\"item\":\"https:\/\/www.isismedical.ee\/\"},{\"@type\":\"ListItem\",\"position\":2,\"name\":\"EKG holter\"}]},{\"@type\":\"WebSite\",\"@id\":\"https:\/\/www.isismedical.ee\/#website\",\"url\":\"https:\/\/www.isismedical.ee\/\",\"name\":\"ISIS Medical\",\"description\":\"ISIS Medical\",\"potentialAction\":[{\"@type\":\"SearchAction\",\"target\":{\"@type\":\"EntryPoint\",\"urlTemplate\":\"https:\/\/www.isismedical.ee\/?s={search_term_string}\"},\"query-input\":{\"@type\":\"PropertyValueSpecification\",\"valueRequired\":true,\"valueName\":\"search_term_string\"}}],\"inLanguage\":\"en-GB\"}]}<\/script>\n<!-- \/ Yoast SEO plugin. -->","yoast_head_json":{"title":"Aspel, 12-kanaliga EKG holter HolCARD W24 - Isis Medical","description":"Aspel, HolCARD W24 Alfa System 812 v.081 EKG holter,12-kanaliga.Paljude s\u00fcdameprobleemide avastamine ja anal\u00fc\u00fcs ning interpreteerimine","robots":{"index":"index","follow":"follow","max-snippet":"max-snippet:-1","max-image-preview":"max-image-preview:large","max-video-preview":"max-video-preview:-1"},"canonical":"https:\/\/www.isismedical.ee\/en\/ekg-holter\/","og_locale":"en_GB","og_type":"article","og_title":"Aspel, 12-kanaliga EKG holter HolCARD W24 - Isis Medical","og_description":"Aspel, HolCARD W24 Alfa System 812 v.081 EKG holter,12-kanaliga.Paljude s\u00fcdameprobleemide avastamine ja anal\u00fc\u00fcs ning interpreteerimine","og_url":"https:\/\/www.isismedical.ee\/en\/ekg-holter\/","og_site_name":"ISIS Medical","article_modified_time":"2019-04-16T07:05:51+00:00","twitter_card":"summary_large_image","twitter_misc":{"Est. reading time":"4 minutes"},"schema":{"@context":"https:\/\/schema.org","@graph":[{"@type":"WebPage","@id":"https:\/\/www.isismedical.ee\/ekg-holter\/","url":"https:\/\/www.isismedical.ee\/ekg-holter\/","name":"Aspel, 12-kanaliga EKG holter HolCARD W24 - Isis Medical","isPartOf":{"@id":"https:\/\/www.isismedical.ee\/#website"},"datePublished":"2017-02-07T10:41:10+00:00","dateModified":"2019-04-16T07:05:51+00:00","description":"Aspel, HolCARD W24 Alfa System 812 v.081 EKG holter,12-kanaliga.Paljude s\u00fcdameprobleemide avastamine ja anal\u00fc\u00fcs ning interpreteerimine","breadcrumb":{"@id":"https:\/\/www.isismedical.ee\/ekg-holter\/#breadcrumb"},"inLanguage":"en-GB","potentialAction":[{"@type":"ReadAction","target":["https:\/\/www.isismedical.ee\/ekg-holter\/"]}]},{"@type":"BreadcrumbList","@id":"https:\/\/www.isismedical.ee\/ekg-holter\/#breadcrumb","itemListElement":[{"@type":"ListItem","position":1,"name":"Home","item":"https:\/\/www.isismedical.ee\/"},{"@type":"ListItem","position":2,"name":"EKG holter"}]},{"@type":"WebSite","@id":"https:\/\/www.isismedical.ee\/#website","url":"https:\/\/www.isismedical.ee\/","name":"ISIS Medical","description":"ISIS Medical","potentialAction":[{"@type":"SearchAction","target":{"@type":"EntryPoint","urlTemplate":"https:\/\/www.isismedical.ee\/?s={search_term_string}"},"query-input":{"@type":"PropertyValueSpecification","valueRequired":true,"valueName":"search_term_string"}}],"inLanguage":"en-GB"}]}},"_links":{"self":[{"href":"https:\/\/www.isismedical.ee\/en\/wp-json\/wp\/v2\/pages\/298","targetHints":{"allow":["GET"]}}],"collection":[{"href":"https:\/\/www.isismedical.ee\/en\/wp-json\/wp\/v2\/pages"}],"about":[{"href":"https:\/\/www.isismedical.ee\/en\/wp-json\/wp\/v2\/types\/page"}],"author":[{"embeddable":true,"href":"https:\/\/www.isismedical.ee\/en\/wp-json\/wp\/v2\/users\/6"}],"replies":[{"embeddable":true,"href":"https:\/\/www.isismedical.ee\/en\/wp-json\/wp\/v2\/comments?post=298"}],"version-history":[{"count":3,"href":"https:\/\/www.isismedical.ee\/en\/wp-json\/wp\/v2\/pages\/298\/revisions"}],"predecessor-version":[{"id":4895,"href":"https:\/\/www.isismedical.ee\/en\/wp-json\/wp\/v2\/pages\/298\/revisions\/4895"}],"wp:attachment":[{"href":"https:\/\/www.isismedical.ee\/en\/wp-json\/wp\/v2\/media?parent=298"}],"curies":[{"name":"wp","href":"https:\/\/api.w.org\/{rel}","templated":true}]}}